{"id":295,"date":"2024-03-05T17:46:53","date_gmt":"2024-03-05T17:46:53","guid":{"rendered":"https:\/\/lvtongmexico.com.mx\/?page_id=295"},"modified":"2024-05-21T03:27:29","modified_gmt":"2024-05-21T03:27:29","slug":"lifted","status":"publish","type":"page","link":"https:\/\/lvtongmexico.com.mx\/index.php\/lifted\/","title":{"rendered":"Lifted 6"},"content":{"rendered":"\n<div style=\"height:119px\" aria-hidden=\"true\" class=\"wp-block-spacer\"><\/div>\n\n\n\n<figure class=\"wp-block-image alignfull size-full\"><img loading=\"lazy\" decoding=\"async\" width=\"1920\" height=\"150\" src=\"https:\/\/lvtongmexico.com.mx\/wp-content\/uploads\/2024\/03\/Mesa-de-trabajo-1.png\" alt=\"\" class=\"wp-image-681\" srcset=\"https:\/\/lvtongmexico.com.mx\/wp-content\/uploads\/2024\/03\/Mesa-de-trabajo-1.png 1920w, https:\/\/lvtongmexico.com.mx\/wp-content\/uploads\/2024\/03\/Mesa-de-trabajo-1-300x23.png 300w, https:\/\/lvtongmexico.com.mx\/wp-content\/uploads\/2024\/03\/Mesa-de-trabajo-1-1024x80.png 1024w, https:\/\/lvtongmexico.com.mx\/wp-content\/uploads\/2024\/03\/Mesa-de-trabajo-1-768x60.png 768w, https:\/\/lvtongmexico.com.mx\/wp-content\/uploads\/2024\/03\/Mesa-de-trabajo-1-1536x120.png 1536w\" sizes=\"auto, (max-width: 1920px) 100vw, 1920px\" \/><\/figure>\n\n\n\n<div class=\"wp-block-columns is-layout-flex wp-container-core-columns-is-layout-9d6595d7 wp-block-columns-is-layout-flex\">\n<div class=\"wp-block-column is-vertically-aligned-center is-layout-flow wp-block-column-is-layout-flow\"><div class=\"n2-section-smartslider fitvidsignore  n2_clear\" data-ssid=\"10\"><div id=\"n2-ss-10-align\" class=\"n2-ss-align\"><div class=\"n2-padding\"><div id=\"n2-ss-10\" data-creator=\"Smart Slider 3\" data-responsive=\"auto\" class=\"n2-ss-slider n2-ow n2-has-hover n2notransition  \">\n\n\n\n\n\n<div class=\"n2-ss-slider-wrapper-outside\" style=\"grid-template-rows:1fr auto\">\n        <div class=\"n2-ss-slider-1 n2_ss__touch_element n2-ow\">\n            <div class=\"n2-ss-slider-2 n2-ow\">\n                                                <div class=\"n2-ss-slider-3 n2-ow\">\n\n                    <div class=\"n2-ss-slide-backgrounds n2-ow-all\"><div class=\"n2-ss-slide-background\" data-public-id=\"1\" data-mode=\"fill\"><div class=\"n2-ss-slide-background-image\" data-blur=\"0\" data-opacity=\"100\" data-x=\"50\" data-y=\"50\" data-alt=\"\" data-title=\"\"><picture class=\"skip-lazy\" data-skip-lazy=\"1\"><img decoding=\"async\" src=\"\/\/lvtongmexico.com.mx\/wp-content\/uploads\/slider10\/202206080953269578AB6A6723F1D2_s.jpeg\" alt=\"\" title=\"\" loading=\"lazy\" class=\"skip-lazy\" data-skip-lazy=\"1\"><\/picture><\/div><div data-color=\"RGBA(255,255,255,0)\" style=\"background-color: RGBA(255,255,255,0);\" class=\"n2-ss-slide-background-color\"><\/div><\/div><div class=\"n2-ss-slide-background\" data-public-id=\"2\" data-mode=\"fill\"><div class=\"n2-ss-slide-background-image\" data-blur=\"0\" data-opacity=\"100\" data-x=\"50\" data-y=\"50\" data-alt=\"\" data-title=\"\"><picture class=\"skip-lazy\" data-skip-lazy=\"1\"><img decoding=\"async\" src=\"\/\/lvtongmexico.com.mx\/wp-content\/uploads\/slider10\/20210825223301F57B3B3676F5F1E5_b.jpeg\" alt=\"\" title=\"\" loading=\"lazy\" class=\"skip-lazy\" data-skip-lazy=\"1\"><\/picture><\/div><div data-color=\"RGBA(255,255,255,0)\" style=\"background-color: RGBA(255,255,255,0);\" class=\"n2-ss-slide-background-color\"><\/div><\/div><div class=\"n2-ss-slide-background\" data-public-id=\"3\" data-mode=\"fill\"><div class=\"n2-ss-slide-background-image\" data-blur=\"0\" data-opacity=\"100\" data-x=\"50\" data-y=\"50\" data-alt=\"\" data-title=\"\"><picture class=\"skip-lazy\" data-skip-lazy=\"1\"><img decoding=\"async\" src=\"\/\/lvtongmexico.com.mx\/wp-content\/uploads\/slider10\/20230823092126BA990C99DB64C80B_b.jpeg\" alt=\"\" title=\"\" loading=\"lazy\" class=\"skip-lazy\" data-skip-lazy=\"1\"><\/picture><\/div><div data-color=\"RGBA(255,255,255,0)\" style=\"background-color: RGBA(255,255,255,0);\" class=\"n2-ss-slide-background-color\"><\/div><\/div><div class=\"n2-ss-slide-background\" data-public-id=\"4\" data-mode=\"fill\"><div class=\"n2-ss-slide-background-image\" data-blur=\"0\" data-opacity=\"100\" data-x=\"50\" data-y=\"50\" data-alt=\"\" data-title=\"\"><picture class=\"skip-lazy\" data-skip-lazy=\"1\"><img decoding=\"async\" src=\"\/\/lvtongmexico.com.mx\/wp-content\/uploads\/slider10\/202308230921264107A4BCD8558602_b.jpeg\" alt=\"\" title=\"\" loading=\"lazy\" class=\"skip-lazy\" data-skip-lazy=\"1\"><\/picture><\/div><div data-color=\"RGBA(255,255,255,0)\" style=\"background-color: RGBA(255,255,255,0);\" class=\"n2-ss-slide-background-color\"><\/div><\/div><div class=\"n2-ss-slide-background\" data-public-id=\"5\" data-mode=\"fill\"><div class=\"n2-ss-slide-background-image\" data-blur=\"0\" data-opacity=\"100\" data-x=\"50\" data-y=\"50\" data-alt=\"\" data-title=\"\"><picture class=\"skip-lazy\" data-skip-lazy=\"1\"><img decoding=\"async\" src=\"\/\/lvtongmexico.com.mx\/wp-content\/uploads\/slider10\/20230823092126B54B42328EC25244_b.jpeg\" alt=\"\" title=\"\" loading=\"lazy\" class=\"skip-lazy\" data-skip-lazy=\"1\"><\/picture><\/div><div data-color=\"RGBA(255,255,255,0)\" style=\"background-color: RGBA(255,255,255,0);\" class=\"n2-ss-slide-background-color\"><\/div><\/div><\/div>                    <div class=\"n2-ss-slider-4 n2-ow\">\n                        <svg xmlns=\"http:\/\/www.w3.org\/2000\/svg\" viewBox=\"0 0 1200 1000\" data-related-device=\"desktopPortrait\" class=\"n2-ow n2-ss-preserve-size n2-ss-preserve-size--slider n2-ss-slide-limiter\"><\/svg><div data-first=\"1\" data-slide-duration=\"0\" data-id=\"84\" data-slide-public-id=\"1\" data-title=\"202206080953269578AB6A6723F1D2_s\" class=\"n2-ss-slide n2-ow  n2-ss-slide-84\"><div role=\"note\" class=\"n2-ss-slide--focus\" tabindex=\"-1\">202206080953269578AB6A6723F1D2_s<\/div><div class=\"n2-ss-layers-container n2-ss-slide-limiter n2-ow\"><div class=\"n2-ss-layer n2-ow n-uc-y17uJYH7vIkn\" data-sstype=\"slide\" data-pm=\"default\"><\/div><\/div><\/div><div data-slide-duration=\"0\" data-id=\"88\" data-slide-public-id=\"2\" data-title=\"20210825223301F57B3B3676F5F1E5_b\" class=\"n2-ss-slide n2-ow  n2-ss-slide-88\"><div role=\"note\" class=\"n2-ss-slide--focus\" tabindex=\"-1\">20210825223301F57B3B3676F5F1E5_b<\/div><div class=\"n2-ss-layers-container n2-ss-slide-limiter n2-ow\"><div class=\"n2-ss-layer n2-ow n-uc-WiKQaR9X5XiK\" data-sstype=\"slide\" data-pm=\"default\"><\/div><\/div><\/div><div data-slide-duration=\"0\" data-id=\"85\" data-slide-public-id=\"3\" data-title=\"20230823092126BA990C99DB64C80B_b\" class=\"n2-ss-slide n2-ow  n2-ss-slide-85\"><div role=\"note\" class=\"n2-ss-slide--focus\" tabindex=\"-1\">20230823092126BA990C99DB64C80B_b<\/div><div class=\"n2-ss-layers-container n2-ss-slide-limiter n2-ow\"><div class=\"n2-ss-layer n2-ow n-uc-AWqwmIqorTQl\" data-sstype=\"slide\" data-pm=\"default\"><\/div><\/div><\/div><div data-slide-duration=\"0\" data-id=\"86\" data-slide-public-id=\"4\" data-title=\"202308230921264107A4BCD8558602_b\" class=\"n2-ss-slide n2-ow  n2-ss-slide-86\"><div role=\"note\" class=\"n2-ss-slide--focus\" tabindex=\"-1\">202308230921264107A4BCD8558602_b<\/div><div class=\"n2-ss-layers-container n2-ss-slide-limiter n2-ow\"><div class=\"n2-ss-layer n2-ow n-uc-utZRYpq0crmt\" data-sstype=\"slide\" data-pm=\"default\"><\/div><\/div><\/div><div data-slide-duration=\"0\" data-id=\"87\" data-slide-public-id=\"5\" data-title=\"20230823092126B54B42328EC25244_b\" class=\"n2-ss-slide n2-ow  n2-ss-slide-87\"><div role=\"note\" class=\"n2-ss-slide--focus\" tabindex=\"-1\">20230823092126B54B42328EC25244_b<\/div><div class=\"n2-ss-layers-container n2-ss-slide-limiter n2-ow\"><div class=\"n2-ss-layer n2-ow n-uc-i7nICCdepZmy\" data-sstype=\"slide\" data-pm=\"default\"><\/div><\/div><\/div>                    <\/div>\n\n                                    <\/div>\n            <\/div>\n        <\/div>\n        <div class=\"n2-ss-slider-controls n2-ss-slider-controls-below\"><div data-width-percent=\"100\" class=\"n2-ss-widget nextend-thumbnail nextend-thumbnail-default nextend-thumbnail-horizontal n2-ow-all\" data-hide-mobileportrait=\"1\" style=\"width:100%;\" data-has-next=\"0\" data-has-previous=\"0\"><div class=\"nextend-thumbnail-inner n2-style-f58d52632d016e4532dc73de3ceef8d2-simple \"><div class=\"nextend-thumbnail-scroller n2-align-content-start\" style=\"grid-template-rows:repeat(1, 1fr)\"><div class=\"n2-thumbnail-dot n2-style-8ad5048b81c3c254e5a4ea951ba18f46-dot \" data-slide-public-id=\"1\" role=\"button\" aria-label=\"202206080953269578AB6A6723F1D2_s\" tabindex=\"0\"><picture class=\"skip-lazy\" data-skip-lazy=\"1\"><img decoding=\"async\" alt=\"202206080953269578AB6A6723F1D2_s\" src=\"\/\/lvtongmexico.com.mx\/wp-content\/uploads\/slider10\/202206080953269578AB6A6723F1D2_s.jpeg\" width=\"600\" height=\"600\" loading=\"lazy\" class=\"skip-lazy\" data-skip-lazy=\"1\" \/><\/picture><\/div><div class=\"n2-thumbnail-dot n2-style-8ad5048b81c3c254e5a4ea951ba18f46-dot \" data-slide-public-id=\"2\" role=\"button\" aria-label=\"20210825223301F57B3B3676F5F1E5_b\" tabindex=\"0\"><picture class=\"skip-lazy\" data-skip-lazy=\"1\"><img decoding=\"async\" alt=\"20210825223301F57B3B3676F5F1E5_b\" src=\"\/\/lvtongmexico.com.mx\/wp-content\/uploads\/slider10\/20210825223301F57B3B3676F5F1E5_b.jpeg\" width=\"1200\" height=\"900\" loading=\"lazy\" class=\"skip-lazy\" data-skip-lazy=\"1\" \/><\/picture><\/div><div class=\"n2-thumbnail-dot n2-style-8ad5048b81c3c254e5a4ea951ba18f46-dot \" data-slide-public-id=\"3\" role=\"button\" aria-label=\"20230823092126BA990C99DB64C80B_b\" tabindex=\"0\"><picture class=\"skip-lazy\" data-skip-lazy=\"1\"><img decoding=\"async\" alt=\"20230823092126BA990C99DB64C80B_b\" src=\"\/\/lvtongmexico.com.mx\/wp-content\/uploads\/slider10\/20230823092126BA990C99DB64C80B_b.jpeg\" width=\"1000\" height=\"1000\" loading=\"lazy\" class=\"skip-lazy\" data-skip-lazy=\"1\" \/><\/picture><\/div><div class=\"n2-thumbnail-dot n2-style-8ad5048b81c3c254e5a4ea951ba18f46-dot \" data-slide-public-id=\"4\" role=\"button\" aria-label=\"202308230921264107A4BCD8558602_b\" tabindex=\"0\"><picture class=\"skip-lazy\" data-skip-lazy=\"1\"><img decoding=\"async\" alt=\"202308230921264107A4BCD8558602_b\" src=\"\/\/lvtongmexico.com.mx\/wp-content\/uploads\/slider10\/202308230921264107A4BCD8558602_b.jpeg\" width=\"1000\" height=\"1000\" loading=\"lazy\" class=\"skip-lazy\" data-skip-lazy=\"1\" \/><\/picture><\/div><div class=\"n2-thumbnail-dot n2-style-8ad5048b81c3c254e5a4ea951ba18f46-dot \" data-slide-public-id=\"5\" role=\"button\" aria-label=\"20230823092126B54B42328EC25244_b\" tabindex=\"0\"><picture class=\"skip-lazy\" data-skip-lazy=\"1\"><img decoding=\"async\" alt=\"20230823092126B54B42328EC25244_b\" src=\"\/\/lvtongmexico.com.mx\/wp-content\/uploads\/slider10\/20230823092126B54B42328EC25244_b.jpeg\" width=\"1000\" height=\"1000\" loading=\"lazy\" class=\"skip-lazy\" data-skip-lazy=\"1\" \/><\/picture><\/div><\/div><\/div><div class=\"nextend-thumbnail-button nextend-thumbnail-previous\"><img decoding=\"async\" width=\"26\" height=\"26\" style=\"width:26px;transform:rotateZ(-90deg);\" loading=\"lazy\" class=\"skip-lazy\" data-skip-lazy=\"1\" src=\"data:image\/svg+xml;base64,PHN2ZyB3aWR0aD0iMjYiIGhlaWdodD0iMjYiIHhtbG5zPSJodHRwOi8vd3d3LnczLm9yZy8yMDAwL3N2ZyI+CiAgICA8ZyBmaWxsPSJub25lIiBmaWxsLXJ1bGU9ImV2ZW5vZGQiPgogICAgICAgIDxjaXJjbGUgc3Ryb2tlPSIjZmZmIiBzdHJva2Utd2lkdGg9IjIiIG9wYWNpdHk9Ii41IiBmaWxsPSIjMDAwIiBjeD0iMTMiIGN5PSIxMyIgcj0iMTIiLz4KICAgICAgICA8cGF0aCBkPSJNMTMuNDM1IDkuMTc4Yy0uMTI2LS4xMjEtLjI3LS4xODItLjQzNi0uMTgyLS4xNjQgMC0uMzA2LjA2MS0uNDI4LjE4MmwtNC4zOCA0LjE3NWMtLjEyNi4xMjEtLjE4OC4yNjItLjE4OC40MjQgMCAuMTYxLjA2Mi4zMDIuMTg4LjQyM2wuNjUuNjIyYy4xMjYuMTIxLjI3My4xODIuNDQxLjE4Mi4xNyAwIC4zMTQtLjA2MS40MzYtLjE4MmwzLjMxNC0zLjE2MSAzLjI0OSAzLjE2MWMuMTI2LjEyMS4yNjkuMTgyLjQzMi4xODIuMTY0IDAgLjMwNy0uMDYxLjQzMy0uMTgybC42NjItLjYyMmMuMTI2LS4xMjEuMTg5LS4yNjIuMTg5LS40MjMgMC0uMTYyLS4wNjMtLjMwMy0uMTg5LS40MjRsLTQuMzczLTQuMTc1eiIKICAgICAgICAgICAgICBmaWxsPSIjZmZmIi8+CiAgICA8L2c+Cjwvc3ZnPg==\" alt=\"previous arrow\"><\/div><div class=\"nextend-thumbnail-button nextend-thumbnail-next\"><img decoding=\"async\" width=\"26\" height=\"26\" style=\"width:26px;transform:rotateZ(-90deg);\" loading=\"lazy\" class=\"skip-lazy\" data-skip-lazy=\"1\" src=\"data:image\/svg+xml;base64,PHN2ZyB4bWxucz0iaHR0cDovL3d3dy53My5vcmcvMjAwMC9zdmciIHdpZHRoPSIyNiIgaGVpZ2h0PSIyNiI+CiAgICA8ZyBmaWxsPSJub25lIj4KICAgICAgICA8Y2lyY2xlIGN4PSIxMyIgY3k9IjEzIiByPSIxMiIgZmlsbD0iIzAwMCIgc3Ryb2tlPSIjZmZmIiBzdHJva2Utd2lkdGg9IjIiIG9wYWNpdHk9Ii41Ii8+CiAgICAgICAgPHBhdGggZmlsbD0iI2ZmZiIKICAgICAgICAgICAgICBkPSJNMTIuNTY1IDE2LjgyMmMuMTI2LjEyLjI3LjE4Mi40MzYuMTgyLjE2OCAwIC4zMS0uMDYuNDMtLjE4Mmw0LjM4LTQuMTc1Yy4xMjgtLjEyLjE5LS4yNjIuMTktLjQyNCAwLS4xNi0uMDYyLS4zMDItLjE5LS40MjNsLS42NS0uNjIyYy0uMTI1LS4xMi0uMjcyLS4xODItLjQ0LS4xODItLjE3IDAtLjMxNC4wNi0uNDM2LjE4MmwtMy4zMTQgMy4xNi0zLjI1LTMuMTZjLS4xMjYtLjEyLS4yNy0uMTgyLS40My0uMTgyLS4xNjYgMC0uMzEuMDYtLjQzNS4xODJsLS42NjIuNjIyYy0uMTI2LjEyLS4xOS4yNjItLjE5LjQyMyAwIC4xNjIuMDY0LjMwMy4xOS40MjRsNC4zNzMgNC4xNzV6Ii8+CiAgICA8L2c+Cjwvc3ZnPg==\" alt=\"next arrow\"><\/div><\/div><\/div><\/div><\/div><ss3-loader><\/ss3-loader><\/div><\/div><div class=\"n2_clear\"><\/div><\/div><\/div>\n\n\n\n<div class=\"wp-block-column is-layout-flow wp-block-column-is-layout-flow\">\n<p class=\"has-text-align-center has-text-color has-link-color has-woostify-heading-4-font-size wp-elements-5295f2744ad2cb406b4549ab98da238d\" style=\"color:#00662e\"><strong>Carro de Golf Lifted 6 Plazas <\/strong><\/p>\n\n\n\n<p class=\"has-text-align-left has-text-color has-link-color wp-elements-72b6cb64ab48fa6c5c26fa733eb33d0b\" style=\"color:#000000\">El autom\u00f3vil tur\u00edstico con dispositivo de elevaci\u00f3n tiene una apariencia elegante, gran potencia y un chasis s\u00f3lido y estable, lo que mejora en gran medida la estabilidad del control y mejora la sensaci\u00f3n del volante; cada detalle demuestra nuestro profesionalismo y exquisitez en tecnolog\u00eda para satisfacer sus diferentes necesidades. Necesidades todoterreno sentimientos.<\/p>\n\n\n\n<hr class=\"wp-block-separator has-alpha-channel-opacity is-style-wide\"\/>\n\n\n\n<div class=\"wp-block-group is-vertical is-layout-flex wp-container-core-group-is-layout-8cf370e7 wp-block-group-is-layout-flex\">\n<p class=\"has-text-color has-link-color wp-elements-568f2172b6d89ae178b2c6eabb884f7d\" style=\"color:#000000\">Modelo: LT-A827.4+2G<\/p>\n\n\n\n<p class=\"has-text-color has-link-color wp-elements-61509d587aba3947ce43b04a2e1dc222\" style=\"color:#000000\">Motor CA 48 V, 4 KW.<\/p>\n\n\n\n<p class=\"has-text-color has-link-color wp-elements-37c6c8daa531213e73724f8638237851\" style=\"color:#000000\">Bater\u00edas 6 8V&nbsp;<\/p>\n\n\n\n<p class=\"has-text-color has-link-color wp-elements-22077985c9084296f3417c9fc7e0eede\" style=\"color:#000000\">Cargador inteligente<\/p>\n\n\n\n<p class=\"has-text-color has-link-color wp-elements-aaf63cb1d3ddee1d31d2ffde313872bd\" style=\"color:#000000\">Control electr\u00f3nico Controlador de CA Lvtong<\/p>\n\n\n\n<p class=\"has-text-color has-link-color wp-elements-e23b68c380f1a018188c3fba1f120586\" style=\"color:#000000\">Eje trasero integral<\/p>\n\n\n\n<p class=\"has-text-color has-link-color wp-elements-7baf390466540911e210a120ee1896a3\" style=\"color:#000000\">Tama\u00f1o del cuerpo: 3700 (largo)*1320 (ancho)*2030 (alto) mm<\/p>\n\n\n\n<p class=\"has-text-color has-link-color wp-elements-706a611529e9fb8f059541a400749e9d\" style=\"color:#000000\">Capacidad nominal de pasajeros: 6 personas<\/p>\n\n\n\n<p class=\"has-text-color has-link-color wp-elements-342e8a6773ca99441f51321689e7d474\" style=\"color:#000000\">Velocidad de avance 20-25 km\/h<\/p>\n\n\n\n<p class=\"has-text-color has-link-color wp-elements-54c2840c15e4ba68a2fae10c1106264f\" style=\"color:#000000\">Grado nominal 10%<\/p>\n\n\n\n<p class=\"has-text-color has-link-color wp-elements-59a6f922ca8ee1ec78eb177a389c9ce4\" style=\"color:#000000\">Autonom\u00eda m\u00e1xima de 65 a 80 km (carretera plana)<\/p>\n<\/div>\n<\/div>\n<\/div>\n\n\n\n<div id=\"whats5\" class=\"whats5\" style=\"color:#FFFFFF;\">\n<link rel=\"stylesheet\" href=\"https:\/\/maxcdn.bootstrapcdn.com\/font-awesome\/4.5.0\/css\/font-awesome.min.css\">\n<a href=\"https:\/\/api.whatsapp.com\/send?phone=+525544436016&#038;text=Hola%21%20Karla quisiera%20m%C3%A1s%20informaci%C3%B3n%20sobre%20LVTONG M\u00e9xico%20.\" class=\"float\" target=\"_blank\" rel=\"noopener\">\n<i class=\"fa fa-whatsapp my-float\"><\/i> <div id=\"letra\" class=\"letra\" > CDMX <\/div>\n<\/a>\n<style>\n.letra{\n      color: red;\n      font-size: 14px;\nfont-weight: bold;  \n}\n.whats5{\n.float{\n\tposition:fixed;\n\twidth:60px;\n\theight:60px;\n\tbottom:70px; \n\tright:5px;\n\tbackground-color:#25d366;\n\tcolor:#FFFFFF;\n\tborder-radius:50px;\n\ttext-align:center;\n  font-size:30px;\n\tbox-shadow: 2px 2px 3px #999;\n  z-index:100;\n}\n.float:hover {\n\ttext-decoration: none;\n\tcolor: #25d366;\n  background-color:#FFFFFF;\n}\n\n.my-float{\n\tmargin-top:16px;\n}\n}\n<\/style>\n<\/div>\n\n<div id=\"whats6\" class=\"whats6\" style=\"color:#FFFFFF;\">\n<link rel=\"stylesheet\" href=\"https:\/\/maxcdn.bootstrapcdn.com\/font-awesome\/4.5.0\/css\/font-awesome.min.css\">\n<a href=\"https:\/\/api.whatsapp.com\/send?phone=+525540310527&#038;text=Hola%21%20Santiago quisiera%20m%C3%A1s%20informaci%C3%B3n%20sobre%20LVTONG M\u00e9xico%20.\" class=\"float\" target=\"_blank\" rel=\"noopener\">\n<i class=\"fa fa-whatsapp my-float\"><\/i> <div id=\"letra\" class=\"letra\" > CDMX <\/div>\n<\/a>\n<style>\n.letra{\n      color: red;\n      font-size: 14px;\nfont-weight: bold;  \n}\n.whats6{\n.float{\n\tposition:fixed;\n\twidth:60px;\n\theight:60px;\n\tbottom:150px; \n\tright:5px;\n\tbackground-color:#25d366;\n\tcolor:#FFFFFF;\n\tborder-radius:50px;\n\ttext-align:center;\n  font-size:30px;\n\tbox-shadow: 2px 2px 3px #999;\n  z-index:100;\n}\n.float:hover {\n\ttext-decoration: none;\n\tcolor: #25d366;\n  background-color:#FFFFFF;\n}\n\n.my-float{\n\tmargin-top:16px;\n}\n}\n<\/style>\n<\/div>\n","protected":false},"excerpt":{"rendered":"<p>Carro de Golf Lifted 6 Plazas El autom\u00f3vil tur\u00edstico con dispositivo de elevaci\u00f3n tiene una apariencia elegante, gran potencia y&#8230;<\/p>\n","protected":false},"author":1,"featured_media":0,"parent":0,"menu_order":0,"comment_status":"closed","ping_status":"closed","template":"","meta":{"ngg_post_thumbnail":0,"footnotes":""},"class_list":["post-295","page","type-page","status-publish","hentry"],"_links":{"self":[{"href":"https:\/\/lvtongmexico.com.mx\/index.php\/wp-json\/wp\/v2\/pages\/295","targetHints":{"allow":["GET"]}}],"collection":[{"href":"https:\/\/lvtongmexico.com.mx\/index.php\/wp-json\/wp\/v2\/pages"}],"about":[{"href":"https:\/\/lvtongmexico.com.mx\/index.php\/wp-json\/wp\/v2\/types\/page"}],"author":[{"embeddable":true,"href":"https:\/\/lvtongmexico.com.mx\/index.php\/wp-json\/wp\/v2\/users\/1"}],"replies":[{"embeddable":true,"href":"https:\/\/lvtongmexico.com.mx\/index.php\/wp-json\/wp\/v2\/comments?post=295"}],"version-history":[{"count":8,"href":"https:\/\/lvtongmexico.com.mx\/index.php\/wp-json\/wp\/v2\/pages\/295\/revisions"}],"predecessor-version":[{"id":787,"href":"https:\/\/lvtongmexico.com.mx\/index.php\/wp-json\/wp\/v2\/pages\/295\/revisions\/787"}],"wp:attachment":[{"href":"https:\/\/lvtongmexico.com.mx\/index.php\/wp-json\/wp\/v2\/media?parent=295"}],"curies":[{"name":"wp","href":"https:\/\/api.w.org\/{rel}","templated":true}]}}