{"id":276,"date":"2024-03-05T17:28:40","date_gmt":"2024-03-05T17:28:40","guid":{"rendered":"https:\/\/lvtongmexico.com.mx\/?page_id=276"},"modified":"2024-05-21T03:25:22","modified_gmt":"2024-05-21T03:25:22","slug":"2-pasajeros","status":"publish","type":"page","link":"https:\/\/lvtongmexico.com.mx\/index.php\/2-pasajeros\/","title":{"rendered":"2 pasajeros"},"content":{"rendered":"\n<div style=\"height:119px\" aria-hidden=\"true\" class=\"wp-block-spacer\"><\/div>\n\n\n\n<figure class=\"wp-block-image alignfull size-full\"><img loading=\"lazy\" decoding=\"async\" width=\"1920\" height=\"150\" src=\"https:\/\/lvtongmexico.com.mx\/wp-content\/uploads\/2024\/03\/Mesa-de-trabajo-1.png\" alt=\"\" class=\"wp-image-681\" srcset=\"https:\/\/lvtongmexico.com.mx\/wp-content\/uploads\/2024\/03\/Mesa-de-trabajo-1.png 1920w, https:\/\/lvtongmexico.com.mx\/wp-content\/uploads\/2024\/03\/Mesa-de-trabajo-1-300x23.png 300w, https:\/\/lvtongmexico.com.mx\/wp-content\/uploads\/2024\/03\/Mesa-de-trabajo-1-1024x80.png 1024w, https:\/\/lvtongmexico.com.mx\/wp-content\/uploads\/2024\/03\/Mesa-de-trabajo-1-768x60.png 768w, https:\/\/lvtongmexico.com.mx\/wp-content\/uploads\/2024\/03\/Mesa-de-trabajo-1-1536x120.png 1536w\" sizes=\"auto, (max-width: 1920px) 100vw, 1920px\" \/><\/figure>\n\n\n\n<div class=\"wp-block-columns is-layout-flex wp-container-core-columns-is-layout-9d6595d7 wp-block-columns-is-layout-flex\">\n<div class=\"wp-block-column is-vertically-aligned-center is-layout-flow wp-block-column-is-layout-flow\"><div class=\"n2-section-smartslider fitvidsignore  n2_clear\" data-ssid=\"9\"><div id=\"n2-ss-9-align\" class=\"n2-ss-align\"><div class=\"n2-padding\"><div id=\"n2-ss-9\" data-creator=\"Smart Slider 3\" data-responsive=\"auto\" class=\"n2-ss-slider n2-ow n2-has-hover n2notransition  \">\n\n\n\n\n\n<div class=\"n2-ss-slider-wrapper-outside\" style=\"grid-template-rows:1fr auto\">\n        <div class=\"n2-ss-slider-1 n2_ss__touch_element n2-ow\">\n            <div class=\"n2-ss-slider-2 n2-ow\">\n                                                <div class=\"n2-ss-slider-3 n2-ow\">\n\n                    <div class=\"n2-ss-slide-backgrounds n2-ow-all\"><div class=\"n2-ss-slide-background\" data-public-id=\"1\" data-mode=\"fill\"><div class=\"n2-ss-slide-background-image\" data-blur=\"0\" data-opacity=\"100\" data-x=\"50\" data-y=\"50\" data-alt=\"\" data-title=\"\"><picture class=\"skip-lazy\" data-skip-lazy=\"1\"><img decoding=\"async\" src=\"\/\/lvtongmexico.com.mx\/wp-content\/uploads\/slider9\/20210825215132150A0EB80ACD652A_b.jpeg\" alt=\"\" title=\"\" loading=\"lazy\" class=\"skip-lazy\" data-skip-lazy=\"1\"><\/picture><\/div><div data-color=\"RGBA(255,255,255,0)\" style=\"background-color: RGBA(255,255,255,0);\" class=\"n2-ss-slide-background-color\"><\/div><\/div><div class=\"n2-ss-slide-background\" data-public-id=\"2\" data-mode=\"fill\"><div class=\"n2-ss-slide-background-image\" data-blur=\"0\" data-opacity=\"100\" data-x=\"50\" data-y=\"50\" data-alt=\"\" data-title=\"\"><picture class=\"skip-lazy\" data-skip-lazy=\"1\"><img decoding=\"async\" src=\"\/\/lvtongmexico.com.mx\/wp-content\/uploads\/slider9\/202308231047477233592EA4E96377_b.jpeg\" alt=\"\" title=\"\" loading=\"lazy\" class=\"skip-lazy\" data-skip-lazy=\"1\"><\/picture><\/div><div data-color=\"RGBA(255,255,255,0)\" style=\"background-color: RGBA(255,255,255,0);\" class=\"n2-ss-slide-background-color\"><\/div><\/div><div class=\"n2-ss-slide-background\" data-public-id=\"3\" data-mode=\"fill\"><div class=\"n2-ss-slide-background-image\" data-blur=\"0\" data-opacity=\"100\" data-x=\"50\" data-y=\"50\" data-alt=\"\" data-title=\"\"><picture class=\"skip-lazy\" data-skip-lazy=\"1\"><img decoding=\"async\" src=\"\/\/lvtongmexico.com.mx\/wp-content\/uploads\/slider9\/20230823104746DE53DE016DEC3C8E_b.jpeg\" alt=\"\" title=\"\" loading=\"lazy\" class=\"skip-lazy\" data-skip-lazy=\"1\"><\/picture><\/div><div data-color=\"RGBA(255,255,255,0)\" style=\"background-color: RGBA(255,255,255,0);\" class=\"n2-ss-slide-background-color\"><\/div><\/div><div class=\"n2-ss-slide-background\" data-public-id=\"4\" data-mode=\"fill\"><div class=\"n2-ss-slide-background-image\" data-blur=\"0\" data-opacity=\"100\" data-x=\"50\" data-y=\"50\" data-alt=\"\" data-title=\"\"><picture class=\"skip-lazy\" data-skip-lazy=\"1\"><img decoding=\"async\" src=\"\/\/lvtongmexico.com.mx\/wp-content\/uploads\/slider9\/20230823104747F5EE514BA76C22A9_b.jpeg\" alt=\"\" title=\"\" loading=\"lazy\" class=\"skip-lazy\" data-skip-lazy=\"1\"><\/picture><\/div><div data-color=\"RGBA(255,255,255,0)\" style=\"background-color: RGBA(255,255,255,0);\" class=\"n2-ss-slide-background-color\"><\/div><\/div><div class=\"n2-ss-slide-background\" data-public-id=\"5\" data-mode=\"fill\"><div class=\"n2-ss-slide-background-image\" data-blur=\"0\" data-opacity=\"100\" data-x=\"50\" data-y=\"50\" data-alt=\"\" data-title=\"\"><picture class=\"skip-lazy\" data-skip-lazy=\"1\"><img decoding=\"async\" src=\"\/\/lvtongmexico.com.mx\/wp-content\/uploads\/slider9\/202308231047479D5ACB6A2DCDA146_b.jpeg\" alt=\"\" title=\"\" loading=\"lazy\" class=\"skip-lazy\" data-skip-lazy=\"1\"><\/picture><\/div><div data-color=\"RGBA(255,255,255,0)\" style=\"background-color: RGBA(255,255,255,0);\" class=\"n2-ss-slide-background-color\"><\/div><\/div><\/div>                    <div class=\"n2-ss-slider-4 n2-ow\">\n                        <svg xmlns=\"http:\/\/www.w3.org\/2000\/svg\" viewBox=\"0 0 1200 1000\" data-related-device=\"desktopPortrait\" class=\"n2-ow n2-ss-preserve-size n2-ss-preserve-size--slider n2-ss-slide-limiter\"><\/svg><div data-first=\"1\" data-slide-duration=\"0\" data-id=\"78\" data-slide-public-id=\"1\" data-title=\"20210825215132150A0EB80ACD652A_b\" class=\"n2-ss-slide n2-ow  n2-ss-slide-78\"><div role=\"note\" class=\"n2-ss-slide--focus\" tabindex=\"-1\">20210825215132150A0EB80ACD652A_b<\/div><div class=\"n2-ss-layers-container n2-ss-slide-limiter n2-ow\"><div class=\"n2-ss-layer n2-ow n-uc-sJkIOQwEe9EB\" data-sstype=\"slide\" data-pm=\"default\"><\/div><\/div><\/div><div data-slide-duration=\"0\" data-id=\"76\" data-slide-public-id=\"2\" data-title=\"202308231047477233592EA4E96377_b\" class=\"n2-ss-slide n2-ow  n2-ss-slide-76\"><div role=\"note\" class=\"n2-ss-slide--focus\" tabindex=\"-1\">202308231047477233592EA4E96377_b<\/div><div class=\"n2-ss-layers-container n2-ss-slide-limiter n2-ow\"><div class=\"n2-ss-layer n2-ow n-uc-QJ5IzAyEK1oI\" data-sstype=\"slide\" data-pm=\"default\"><\/div><\/div><\/div><div data-slide-duration=\"0\" data-id=\"74\" data-slide-public-id=\"3\" data-title=\"20230823104746DE53DE016DEC3C8E_b\" class=\"n2-ss-slide n2-ow  n2-ss-slide-74\"><div role=\"note\" class=\"n2-ss-slide--focus\" tabindex=\"-1\">20230823104746DE53DE016DEC3C8E_b<\/div><div class=\"n2-ss-layers-container n2-ss-slide-limiter n2-ow\"><div class=\"n2-ss-layer n2-ow n-uc-P3evWzzlKrFT\" data-sstype=\"slide\" data-pm=\"default\"><\/div><\/div><\/div><div data-slide-duration=\"0\" data-id=\"75\" data-slide-public-id=\"4\" data-title=\"20230823104747F5EE514BA76C22A9_b\" class=\"n2-ss-slide n2-ow  n2-ss-slide-75\"><div role=\"note\" class=\"n2-ss-slide--focus\" tabindex=\"-1\">20230823104747F5EE514BA76C22A9_b<\/div><div class=\"n2-ss-layers-container n2-ss-slide-limiter n2-ow\"><div class=\"n2-ss-layer n2-ow n-uc-6uvUCuX043rA\" data-sstype=\"slide\" data-pm=\"default\"><\/div><\/div><\/div><div data-slide-duration=\"0\" data-id=\"77\" data-slide-public-id=\"5\" data-title=\"202308231047479D5ACB6A2DCDA146_b\" class=\"n2-ss-slide n2-ow  n2-ss-slide-77\"><div role=\"note\" class=\"n2-ss-slide--focus\" tabindex=\"-1\">202308231047479D5ACB6A2DCDA146_b<\/div><div class=\"n2-ss-layers-container n2-ss-slide-limiter n2-ow\"><div class=\"n2-ss-layer n2-ow n-uc-ozX4pHwv1t60\" data-sstype=\"slide\" data-pm=\"default\"><\/div><\/div><\/div>                    <\/div>\n\n                                    <\/div>\n            <\/div>\n        <\/div>\n        <div class=\"n2-ss-slider-controls n2-ss-slider-controls-below\"><div data-width-percent=\"100\" class=\"n2-ss-widget nextend-thumbnail nextend-thumbnail-default nextend-thumbnail-horizontal n2-ow-all\" data-hide-mobileportrait=\"1\" style=\"width:100%;\" data-has-next=\"0\" data-has-previous=\"0\"><div class=\"nextend-thumbnail-inner n2-style-f58d52632d016e4532dc73de3ceef8d2-simple \"><div class=\"nextend-thumbnail-scroller n2-align-content-start\" style=\"grid-template-rows:repeat(1, 1fr)\"><div class=\"n2-thumbnail-dot n2-style-8ad5048b81c3c254e5a4ea951ba18f46-dot \" data-slide-public-id=\"1\" role=\"button\" aria-label=\"20210825215132150A0EB80ACD652A_b\" tabindex=\"0\"><picture class=\"skip-lazy\" data-skip-lazy=\"1\"><img decoding=\"async\" alt=\"20210825215132150A0EB80ACD652A_b\" src=\"\/\/lvtongmexico.com.mx\/wp-content\/uploads\/slider9\/20210825215132150A0EB80ACD652A_b.jpeg\" width=\"1200\" height=\"900\" loading=\"lazy\" class=\"skip-lazy\" data-skip-lazy=\"1\" \/><\/picture><\/div><div class=\"n2-thumbnail-dot n2-style-8ad5048b81c3c254e5a4ea951ba18f46-dot \" data-slide-public-id=\"2\" role=\"button\" aria-label=\"202308231047477233592EA4E96377_b\" tabindex=\"0\"><picture class=\"skip-lazy\" data-skip-lazy=\"1\"><img decoding=\"async\" alt=\"202308231047477233592EA4E96377_b\" src=\"\/\/lvtongmexico.com.mx\/wp-content\/uploads\/slider9\/202308231047477233592EA4E96377_b.jpeg\" width=\"800\" height=\"800\" loading=\"lazy\" class=\"skip-lazy\" data-skip-lazy=\"1\" \/><\/picture><\/div><div class=\"n2-thumbnail-dot n2-style-8ad5048b81c3c254e5a4ea951ba18f46-dot \" data-slide-public-id=\"3\" role=\"button\" aria-label=\"20230823104746DE53DE016DEC3C8E_b\" tabindex=\"0\"><picture class=\"skip-lazy\" data-skip-lazy=\"1\"><img decoding=\"async\" alt=\"20230823104746DE53DE016DEC3C8E_b\" src=\"\/\/lvtongmexico.com.mx\/wp-content\/uploads\/slider9\/20230823104746DE53DE016DEC3C8E_b.jpeg\" width=\"800\" height=\"800\" loading=\"lazy\" class=\"skip-lazy\" data-skip-lazy=\"1\" \/><\/picture><\/div><div class=\"n2-thumbnail-dot n2-style-8ad5048b81c3c254e5a4ea951ba18f46-dot \" data-slide-public-id=\"4\" role=\"button\" aria-label=\"20230823104747F5EE514BA76C22A9_b\" tabindex=\"0\"><picture class=\"skip-lazy\" data-skip-lazy=\"1\"><img decoding=\"async\" alt=\"20230823104747F5EE514BA76C22A9_b\" src=\"\/\/lvtongmexico.com.mx\/wp-content\/uploads\/slider9\/20230823104747F5EE514BA76C22A9_b.jpeg\" width=\"800\" height=\"800\" loading=\"lazy\" class=\"skip-lazy\" data-skip-lazy=\"1\" \/><\/picture><\/div><div class=\"n2-thumbnail-dot n2-style-8ad5048b81c3c254e5a4ea951ba18f46-dot \" data-slide-public-id=\"5\" role=\"button\" aria-label=\"202308231047479D5ACB6A2DCDA146_b\" tabindex=\"0\"><picture class=\"skip-lazy\" data-skip-lazy=\"1\"><img decoding=\"async\" alt=\"202308231047479D5ACB6A2DCDA146_b\" src=\"\/\/lvtongmexico.com.mx\/wp-content\/uploads\/slider9\/202308231047479D5ACB6A2DCDA146_b.jpeg\" width=\"800\" height=\"800\" loading=\"lazy\" class=\"skip-lazy\" data-skip-lazy=\"1\" \/><\/picture><\/div><\/div><\/div><div class=\"nextend-thumbnail-button nextend-thumbnail-previous\"><img decoding=\"async\" width=\"26\" height=\"26\" style=\"width:26px;transform:rotateZ(-90deg);\" loading=\"lazy\" class=\"skip-lazy\" data-skip-lazy=\"1\" src=\"data:image\/svg+xml;base64,PHN2ZyB3aWR0aD0iMjYiIGhlaWdodD0iMjYiIHhtbG5zPSJodHRwOi8vd3d3LnczLm9yZy8yMDAwL3N2ZyI+CiAgICA8ZyBmaWxsPSJub25lIiBmaWxsLXJ1bGU9ImV2ZW5vZGQiPgogICAgICAgIDxjaXJjbGUgc3Ryb2tlPSIjZmZmIiBzdHJva2Utd2lkdGg9IjIiIG9wYWNpdHk9Ii41IiBmaWxsPSIjMDAwIiBjeD0iMTMiIGN5PSIxMyIgcj0iMTIiLz4KICAgICAgICA8cGF0aCBkPSJNMTMuNDM1IDkuMTc4Yy0uMTI2LS4xMjEtLjI3LS4xODItLjQzNi0uMTgyLS4xNjQgMC0uMzA2LjA2MS0uNDI4LjE4MmwtNC4zOCA0LjE3NWMtLjEyNi4xMjEtLjE4OC4yNjItLjE4OC40MjQgMCAuMTYxLjA2Mi4zMDIuMTg4LjQyM2wuNjUuNjIyYy4xMjYuMTIxLjI3My4xODIuNDQxLjE4Mi4xNyAwIC4zMTQtLjA2MS40MzYtLjE4MmwzLjMxNC0zLjE2MSAzLjI0OSAzLjE2MWMuMTI2LjEyMS4yNjkuMTgyLjQzMi4xODIuMTY0IDAgLjMwNy0uMDYxLjQzMy0uMTgybC42NjItLjYyMmMuMTI2LS4xMjEuMTg5LS4yNjIuMTg5LS40MjMgMC0uMTYyLS4wNjMtLjMwMy0uMTg5LS40MjRsLTQuMzczLTQuMTc1eiIKICAgICAgICAgICAgICBmaWxsPSIjZmZmIi8+CiAgICA8L2c+Cjwvc3ZnPg==\" alt=\"previous arrow\"><\/div><div class=\"nextend-thumbnail-button nextend-thumbnail-next\"><img decoding=\"async\" width=\"26\" height=\"26\" style=\"width:26px;transform:rotateZ(-90deg);\" loading=\"lazy\" class=\"skip-lazy\" data-skip-lazy=\"1\" src=\"data:image\/svg+xml;base64,PHN2ZyB4bWxucz0iaHR0cDovL3d3dy53My5vcmcvMjAwMC9zdmciIHdpZHRoPSIyNiIgaGVpZ2h0PSIyNiI+CiAgICA8ZyBmaWxsPSJub25lIj4KICAgICAgICA8Y2lyY2xlIGN4PSIxMyIgY3k9IjEzIiByPSIxMiIgZmlsbD0iIzAwMCIgc3Ryb2tlPSIjZmZmIiBzdHJva2Utd2lkdGg9IjIiIG9wYWNpdHk9Ii41Ii8+CiAgICAgICAgPHBhdGggZmlsbD0iI2ZmZiIKICAgICAgICAgICAgICBkPSJNMTIuNTY1IDE2LjgyMmMuMTI2LjEyLjI3LjE4Mi40MzYuMTgyLjE2OCAwIC4zMS0uMDYuNDMtLjE4Mmw0LjM4LTQuMTc1Yy4xMjgtLjEyLjE5LS4yNjIuMTktLjQyNCAwLS4xNi0uMDYyLS4zMDItLjE5LS40MjNsLS42NS0uNjIyYy0uMTI1LS4xMi0uMjcyLS4xODItLjQ0LS4xODItLjE3IDAtLjMxNC4wNi0uNDM2LjE4MmwtMy4zMTQgMy4xNi0zLjI1LTMuMTZjLS4xMjYtLjEyLS4yNy0uMTgyLS40My0uMTgyLS4xNjYgMC0uMzEuMDYtLjQzNS4xODJsLS42NjIuNjIyYy0uMTI2LjEyLS4xOS4yNjItLjE5LjQyMyAwIC4xNjIuMDY0LjMwMy4xOS40MjRsNC4zNzMgNC4xNzV6Ii8+CiAgICA8L2c+Cjwvc3ZnPg==\" alt=\"next arrow\"><\/div><\/div><\/div><\/div><\/div><ss3-loader><\/ss3-loader><\/div><\/div><div class=\"n2_clear\"><\/div><\/div><\/div>\n\n\n\n<div class=\"wp-block-column is-layout-flow wp-block-column-is-layout-flow\">\n<p class=\"has-text-align-center has-text-color has-link-color has-woostify-heading-4-font-size wp-elements-0cf381af25ad3bc2b061406626a69a09\" style=\"color:#00662e\"><strong>Carro de Golf 2 Plazas<\/strong><\/p>\n\n\n\n<p class=\"has-text-align-left has-text-color has-link-color wp-elements-acb09f220e27af666c416c9dda601897\" style=\"color:#000000\">Todo el veh\u00edculo adopta un dise\u00f1o completamente nuevo con alta definici\u00f3n. El gran logotipo de la marca sobre el fondo negro es elegante y elegante. Los faros LED tienen bordes y esquinas afilados. El techo de aleaci\u00f3n de aluminio est\u00e1 envuelto con un efecto tridimensional. Una estructura de suspensi\u00f3n independiente de doble brazo oscilante y frenos de disco hidr\u00e1ulicos en las cuatro ruedas, estacionamiento autom\u00e1tico electr\u00f3nico y otras configuraciones, lo que mejora a\u00fan m\u00e1s el rendimiento.<\/p>\n\n\n\n<hr class=\"wp-block-separator has-alpha-channel-opacity is-style-wide\"\/>\n\n\n\n<div class=\"wp-block-group is-vertical is-layout-flex wp-container-core-group-is-layout-8cf370e7 wp-block-group-is-layout-flex\">\n<p class=\"has-text-color has-link-color wp-elements-f0087809402c9b667921bdd2e674f287\" style=\"color:#000000\">Modelo: LT-A827.2<\/p>\n\n\n\n<p class=\"has-text-color has-link-color wp-elements-61509d587aba3947ce43b04a2e1dc222\" style=\"color:#000000\">Motor CA 48 V, 4 KW.<\/p>\n\n\n\n<p class=\"has-text-color has-link-color wp-elements-37c6c8daa531213e73724f8638237851\" style=\"color:#000000\">Bater\u00edas 6 8V&nbsp;<\/p>\n\n\n\n<p class=\"has-text-color has-link-color wp-elements-d9e27d029f56b39a3aa0879f674e6edd\" style=\"color:#000000\">Cargador Cargador de coche inteligente<\/p>\n\n\n\n<p class=\"has-text-color has-link-color wp-elements-aaf63cb1d3ddee1d31d2ffde313872bd\" style=\"color:#000000\">Control electr\u00f3nico Controlador de CA Lvtong<\/p>\n\n\n\n<p class=\"has-text-color has-link-color wp-elements-98be4b92611e929c6999f3c999d42b26\" style=\"color:#000000\">Eje trasero Eje trasero integral<\/p>\n\n\n\n<p class=\"has-text-color has-link-color wp-elements-76473177f8dc6f64ecdae1b4719922f6\" style=\"color:#000000\">Tama\u00f1o del cuerpo: 2740 (largo)*1210 (ancho)*1820 (alto) mm<\/p>\n\n\n\n<p class=\"has-text-color has-link-color wp-elements-122a4907a787bbfc36c0104e2553694a\" style=\"color:#000000\">N\u00famero nominal de pasajeros: 2 personas<\/p>\n\n\n\n<p class=\"has-text-color has-link-color wp-elements-342e8a6773ca99441f51321689e7d474\" style=\"color:#000000\">Velocidad de avance 20-25 km\/h<\/p>\n\n\n\n<p class=\"has-text-color has-link-color wp-elements-53cf76da265a7ed8c2c814e76ec71012\" style=\"color:#000000\">Grado nominal 30%<\/p>\n\n\n\n<p class=\"has-text-color has-link-color wp-elements-d02fd9f66a0f4fc4fc119f73e5aead7b\" style=\"color:#000000\">Autonom\u00eda m\u00e1xima de 80 a 100 km (carretera plana)<\/p>\n<\/div>\n<\/div>\n<\/div>\n\n\n\n<div id=\"whats5\" class=\"whats5\" style=\"color:#FFFFFF;\">\n<link rel=\"stylesheet\" href=\"https:\/\/maxcdn.bootstrapcdn.com\/font-awesome\/4.5.0\/css\/font-awesome.min.css\">\n<a href=\"https:\/\/api.whatsapp.com\/send?phone=+525544436016&#038;text=Hola%21%20Karla quisiera%20m%C3%A1s%20informaci%C3%B3n%20sobre%20LVTONG M\u00e9xico%20.\" class=\"float\" target=\"_blank\" rel=\"noopener\">\n<i class=\"fa fa-whatsapp my-float\"><\/i> <div id=\"letra\" class=\"letra\" > CDMX <\/div>\n<\/a>\n<style>\n.letra{\n      color: red;\n      font-size: 14px;\nfont-weight: bold;  \n}\n.whats5{\n.float{\n\tposition:fixed;\n\twidth:60px;\n\theight:60px;\n\tbottom:70px; \n\tright:5px;\n\tbackground-color:#25d366;\n\tcolor:#FFFFFF;\n\tborder-radius:50px;\n\ttext-align:center;\n  font-size:30px;\n\tbox-shadow: 2px 2px 3px #999;\n  z-index:100;\n}\n.float:hover {\n\ttext-decoration: none;\n\tcolor: #25d366;\n  background-color:#FFFFFF;\n}\n\n.my-float{\n\tmargin-top:16px;\n}\n}\n<\/style>\n<\/div>\n\n<div id=\"whats6\" class=\"whats6\" style=\"color:#FFFFFF;\">\n<link rel=\"stylesheet\" href=\"https:\/\/maxcdn.bootstrapcdn.com\/font-awesome\/4.5.0\/css\/font-awesome.min.css\">\n<a href=\"https:\/\/api.whatsapp.com\/send?phone=+525540310527&#038;text=Hola%21%20Santiago quisiera%20m%C3%A1s%20informaci%C3%B3n%20sobre%20LVTONG M\u00e9xico%20.\" class=\"float\" target=\"_blank\" rel=\"noopener\">\n<i class=\"fa fa-whatsapp my-float\"><\/i> <div id=\"letra\" class=\"letra\" > CDMX <\/div>\n<\/a>\n<style>\n.letra{\n      color: red;\n      font-size: 14px;\nfont-weight: bold;  \n}\n.whats6{\n.float{\n\tposition:fixed;\n\twidth:60px;\n\theight:60px;\n\tbottom:150px; \n\tright:5px;\n\tbackground-color:#25d366;\n\tcolor:#FFFFFF;\n\tborder-radius:50px;\n\ttext-align:center;\n  font-size:30px;\n\tbox-shadow: 2px 2px 3px #999;\n  z-index:100;\n}\n.float:hover {\n\ttext-decoration: none;\n\tcolor: #25d366;\n  background-color:#FFFFFF;\n}\n\n.my-float{\n\tmargin-top:16px;\n}\n}\n<\/style>\n<\/div>\n","protected":false},"excerpt":{"rendered":"<p>Carro de Golf 2 Plazas Todo el veh\u00edculo adopta un dise\u00f1o completamente nuevo con alta definici\u00f3n. El gran logotipo de&#8230;<\/p>\n","protected":false},"author":1,"featured_media":0,"parent":0,"menu_order":0,"comment_status":"closed","ping_status":"closed","template":"","meta":{"ngg_post_thumbnail":0,"footnotes":""},"class_list":["post-276","page","type-page","status-publish","hentry"],"_links":{"self":[{"href":"https:\/\/lvtongmexico.com.mx\/index.php\/wp-json\/wp\/v2\/pages\/276","targetHints":{"allow":["GET"]}}],"collection":[{"href":"https:\/\/lvtongmexico.com.mx\/index.php\/wp-json\/wp\/v2\/pages"}],"about":[{"href":"https:\/\/lvtongmexico.com.mx\/index.php\/wp-json\/wp\/v2\/types\/page"}],"author":[{"embeddable":true,"href":"https:\/\/lvtongmexico.com.mx\/index.php\/wp-json\/wp\/v2\/users\/1"}],"replies":[{"embeddable":true,"href":"https:\/\/lvtongmexico.com.mx\/index.php\/wp-json\/wp\/v2\/comments?post=276"}],"version-history":[{"count":8,"href":"https:\/\/lvtongmexico.com.mx\/index.php\/wp-json\/wp\/v2\/pages\/276\/revisions"}],"predecessor-version":[{"id":776,"href":"https:\/\/lvtongmexico.com.mx\/index.php\/wp-json\/wp\/v2\/pages\/276\/revisions\/776"}],"wp:attachment":[{"href":"https:\/\/lvtongmexico.com.mx\/index.php\/wp-json\/wp\/v2\/media?parent=276"}],"curies":[{"name":"wp","href":"https:\/\/api.w.org\/{rel}","templated":true}]}}