{"id":230,"date":"2024-03-05T16:48:50","date_gmt":"2024-03-05T16:48:50","guid":{"rendered":"https:\/\/lvtongmexico.com.mx\/?page_id=230"},"modified":"2024-05-21T03:28:22","modified_gmt":"2024-05-21T03:28:22","slug":"turistico-11-plazas","status":"publish","type":"page","link":"https:\/\/lvtongmexico.com.mx\/index.php\/turistico-11-plazas\/","title":{"rendered":"turistico 11 plazas"},"content":{"rendered":"\n<div style=\"height:119px\" aria-hidden=\"true\" class=\"wp-block-spacer\"><\/div>\n\n\n\n<figure class=\"wp-block-image alignfull size-full\"><img loading=\"lazy\" decoding=\"async\" width=\"1920\" height=\"150\" src=\"https:\/\/lvtongmexico.com.mx\/wp-content\/uploads\/2024\/03\/Mesa-de-trabajo-1.png\" alt=\"\" class=\"wp-image-681\" srcset=\"https:\/\/lvtongmexico.com.mx\/wp-content\/uploads\/2024\/03\/Mesa-de-trabajo-1.png 1920w, https:\/\/lvtongmexico.com.mx\/wp-content\/uploads\/2024\/03\/Mesa-de-trabajo-1-300x23.png 300w, https:\/\/lvtongmexico.com.mx\/wp-content\/uploads\/2024\/03\/Mesa-de-trabajo-1-1024x80.png 1024w, https:\/\/lvtongmexico.com.mx\/wp-content\/uploads\/2024\/03\/Mesa-de-trabajo-1-768x60.png 768w, https:\/\/lvtongmexico.com.mx\/wp-content\/uploads\/2024\/03\/Mesa-de-trabajo-1-1536x120.png 1536w\" sizes=\"auto, (max-width: 1920px) 100vw, 1920px\" \/><\/figure>\n\n\n\n<div class=\"wp-block-columns is-layout-flex wp-container-core-columns-is-layout-9d6595d7 wp-block-columns-is-layout-flex\">\n<div class=\"wp-block-column is-vertically-aligned-center is-layout-flow wp-block-column-is-layout-flow\"><div class=\"n2-section-smartslider fitvidsignore  n2_clear\" data-ssid=\"4\"><div id=\"n2-ss-4-align\" class=\"n2-ss-align\"><div class=\"n2-padding\"><div id=\"n2-ss-4\" data-creator=\"Smart Slider 3\" data-responsive=\"auto\" class=\"n2-ss-slider n2-ow n2-has-hover n2notransition  \">\n\n\n\n\n\n<div class=\"n2-ss-slider-wrapper-outside\" style=\"grid-template-rows:1fr auto\">\n        <div class=\"n2-ss-slider-1 n2_ss__touch_element n2-ow\">\n            <div class=\"n2-ss-slider-2 n2-ow\">\n                                                <div class=\"n2-ss-slider-3 n2-ow\">\n\n                    <div class=\"n2-ss-slide-backgrounds n2-ow-all\"><div class=\"n2-ss-slide-background\" data-public-id=\"1\" data-mode=\"fill\"><div class=\"n2-ss-slide-background-image\" data-blur=\"0\" data-opacity=\"100\" data-x=\"50\" data-y=\"50\" data-alt=\"\" data-title=\"\"><picture class=\"skip-lazy\" data-skip-lazy=\"1\"><img decoding=\"async\" src=\"\/\/lvtongmexico.com.mx\/wp-content\/uploads\/slider4\/20230809092938EE7D4F6D5990FF0A_b.jpeg\" alt=\"\" title=\"\" loading=\"lazy\" class=\"skip-lazy\" data-skip-lazy=\"1\"><\/picture><\/div><div data-color=\"RGBA(255,255,255,0)\" style=\"background-color: RGBA(255,255,255,0);\" class=\"n2-ss-slide-background-color\"><\/div><\/div><div class=\"n2-ss-slide-background\" data-public-id=\"2\" data-mode=\"fill\"><div class=\"n2-ss-slide-background-image\" data-blur=\"0\" data-opacity=\"100\" data-x=\"50\" data-y=\"50\" data-alt=\"\" data-title=\"\"><picture class=\"skip-lazy\" data-skip-lazy=\"1\"><img decoding=\"async\" src=\"\/\/lvtongmexico.com.mx\/wp-content\/uploads\/slider4\/20230822181254ADC0A4FB17E7B53F_b.jpeg\" alt=\"\" title=\"\" loading=\"lazy\" class=\"skip-lazy\" data-skip-lazy=\"1\"><\/picture><\/div><div data-color=\"RGBA(255,255,255,0)\" style=\"background-color: RGBA(255,255,255,0);\" class=\"n2-ss-slide-background-color\"><\/div><\/div><div class=\"n2-ss-slide-background\" data-public-id=\"3\" data-mode=\"fill\"><div class=\"n2-ss-slide-background-image\" data-blur=\"0\" data-opacity=\"100\" data-x=\"50\" data-y=\"50\" data-alt=\"\" data-title=\"\"><picture class=\"skip-lazy\" data-skip-lazy=\"1\"><img decoding=\"async\" src=\"\/\/lvtongmexico.com.mx\/wp-content\/uploads\/slider4\/20230822181255B43DE03F429D2D69_b.jpeg\" alt=\"\" title=\"\" loading=\"lazy\" class=\"skip-lazy\" data-skip-lazy=\"1\"><\/picture><\/div><div data-color=\"RGBA(255,255,255,0)\" style=\"background-color: RGBA(255,255,255,0);\" class=\"n2-ss-slide-background-color\"><\/div><\/div><div class=\"n2-ss-slide-background\" data-public-id=\"4\" data-mode=\"fill\"><div class=\"n2-ss-slide-background-image\" data-blur=\"0\" data-opacity=\"100\" data-x=\"50\" data-y=\"50\" data-alt=\"\" data-title=\"\"><picture class=\"skip-lazy\" data-skip-lazy=\"1\"><img decoding=\"async\" src=\"\/\/lvtongmexico.com.mx\/wp-content\/uploads\/slider4\/202308221812541F35592310DA75B0_b.jpeg\" alt=\"\" title=\"\" loading=\"lazy\" class=\"skip-lazy\" data-skip-lazy=\"1\"><\/picture><\/div><div data-color=\"RGBA(255,255,255,0)\" style=\"background-color: RGBA(255,255,255,0);\" class=\"n2-ss-slide-background-color\"><\/div><\/div><div class=\"n2-ss-slide-background\" data-public-id=\"5\" data-mode=\"fill\"><div class=\"n2-ss-slide-background-image\" data-blur=\"0\" data-opacity=\"100\" data-x=\"50\" data-y=\"50\" data-alt=\"\" data-title=\"\"><picture class=\"skip-lazy\" data-skip-lazy=\"1\"><img decoding=\"async\" src=\"\/\/lvtongmexico.com.mx\/wp-content\/uploads\/slider4\/20230822181254E6AAFE9EAB339B14_b.jpeg\" alt=\"\" title=\"\" loading=\"lazy\" class=\"skip-lazy\" data-skip-lazy=\"1\"><\/picture><\/div><div data-color=\"RGBA(255,255,255,0)\" style=\"background-color: RGBA(255,255,255,0);\" class=\"n2-ss-slide-background-color\"><\/div><\/div><\/div>                    <div class=\"n2-ss-slider-4 n2-ow\">\n                        <svg xmlns=\"http:\/\/www.w3.org\/2000\/svg\" viewBox=\"0 0 1200 1000\" data-related-device=\"desktopPortrait\" class=\"n2-ow n2-ss-preserve-size n2-ss-preserve-size--slider n2-ss-slide-limiter\"><\/svg><div data-first=\"1\" data-slide-duration=\"0\" data-id=\"24\" data-slide-public-id=\"1\" data-title=\"20230809092938EE7D4F6D5990FF0A_b\" class=\"n2-ss-slide n2-ow  n2-ss-slide-24\"><div role=\"note\" class=\"n2-ss-slide--focus\" tabindex=\"-1\">20230809092938EE7D4F6D5990FF0A_b<\/div><div class=\"n2-ss-layers-container n2-ss-slide-limiter n2-ow\"><div class=\"n2-ss-layer n2-ow n-uc-PYCATtN9Lt5d\" data-sstype=\"slide\" data-pm=\"default\"><\/div><\/div><\/div><div data-slide-duration=\"0\" data-id=\"25\" data-slide-public-id=\"2\" data-title=\"20230822181254ADC0A4FB17E7B53F_b\" class=\"n2-ss-slide n2-ow  n2-ss-slide-25\"><div role=\"note\" class=\"n2-ss-slide--focus\" tabindex=\"-1\">20230822181254ADC0A4FB17E7B53F_b<\/div><div class=\"n2-ss-layers-container n2-ss-slide-limiter n2-ow\"><div class=\"n2-ss-layer n2-ow n-uc-cUJBxXbelHsf\" data-sstype=\"slide\" data-pm=\"default\"><\/div><\/div><\/div><div data-slide-duration=\"0\" data-id=\"26\" data-slide-public-id=\"3\" data-title=\"20230822181255B43DE03F429D2D69_b\" class=\"n2-ss-slide n2-ow  n2-ss-slide-26\"><div role=\"note\" class=\"n2-ss-slide--focus\" tabindex=\"-1\">20230822181255B43DE03F429D2D69_b<\/div><div class=\"n2-ss-layers-container n2-ss-slide-limiter n2-ow\"><div class=\"n2-ss-layer n2-ow n-uc-yBbL5En5aUiW\" data-sstype=\"slide\" data-pm=\"default\"><\/div><\/div><\/div><div data-slide-duration=\"0\" data-id=\"27\" data-slide-public-id=\"4\" data-title=\"202308221812541F35592310DA75B0_b\" class=\"n2-ss-slide n2-ow  n2-ss-slide-27\"><div role=\"note\" class=\"n2-ss-slide--focus\" tabindex=\"-1\">202308221812541F35592310DA75B0_b<\/div><div class=\"n2-ss-layers-container n2-ss-slide-limiter n2-ow\"><div class=\"n2-ss-layer n2-ow n-uc-oUHQmMzNQ26R\" data-sstype=\"slide\" data-pm=\"default\"><\/div><\/div><\/div><div data-slide-duration=\"0\" data-id=\"28\" data-slide-public-id=\"5\" data-title=\"20230822181254E6AAFE9EAB339B14_b\" class=\"n2-ss-slide n2-ow  n2-ss-slide-28\"><div role=\"note\" class=\"n2-ss-slide--focus\" tabindex=\"-1\">20230822181254E6AAFE9EAB339B14_b<\/div><div class=\"n2-ss-layers-container n2-ss-slide-limiter n2-ow\"><div class=\"n2-ss-layer n2-ow n-uc-ODMfQB5XYmxK\" data-sstype=\"slide\" data-pm=\"default\"><\/div><\/div><\/div>                    <\/div>\n\n                                    <\/div>\n            <\/div>\n        <\/div>\n        <div class=\"n2-ss-slider-controls n2-ss-slider-controls-below\"><div data-width-percent=\"100\" class=\"n2-ss-widget nextend-thumbnail nextend-thumbnail-default nextend-thumbnail-horizontal n2-ow-all\" data-hide-mobileportrait=\"1\" style=\"width:100%;\" data-has-next=\"0\" data-has-previous=\"0\"><div class=\"nextend-thumbnail-inner n2-style-f58d52632d016e4532dc73de3ceef8d2-simple \"><div class=\"nextend-thumbnail-scroller n2-align-content-start\" style=\"grid-template-rows:repeat(1, 1fr)\"><div class=\"n2-thumbnail-dot n2-style-8ad5048b81c3c254e5a4ea951ba18f46-dot \" data-slide-public-id=\"1\" role=\"button\" aria-label=\"20230809092938EE7D4F6D5990FF0A_b\" tabindex=\"0\"><picture class=\"skip-lazy\" data-skip-lazy=\"1\"><img decoding=\"async\" alt=\"20230809092938EE7D4F6D5990FF0A_b\" src=\"\/\/lvtongmexico.com.mx\/wp-content\/uploads\/slider4\/20230809092938EE7D4F6D5990FF0A_b.jpeg\" width=\"800\" height=\"800\" loading=\"lazy\" class=\"skip-lazy\" data-skip-lazy=\"1\" \/><\/picture><\/div><div class=\"n2-thumbnail-dot n2-style-8ad5048b81c3c254e5a4ea951ba18f46-dot \" data-slide-public-id=\"2\" role=\"button\" aria-label=\"20230822181254ADC0A4FB17E7B53F_b\" tabindex=\"0\"><picture class=\"skip-lazy\" data-skip-lazy=\"1\"><img decoding=\"async\" alt=\"20230822181254ADC0A4FB17E7B53F_b\" src=\"\/\/lvtongmexico.com.mx\/wp-content\/uploads\/slider4\/20230822181254ADC0A4FB17E7B53F_b.jpeg\" width=\"1000\" height=\"1000\" loading=\"lazy\" class=\"skip-lazy\" data-skip-lazy=\"1\" \/><\/picture><\/div><div class=\"n2-thumbnail-dot n2-style-8ad5048b81c3c254e5a4ea951ba18f46-dot \" data-slide-public-id=\"3\" role=\"button\" aria-label=\"20230822181255B43DE03F429D2D69_b\" tabindex=\"0\"><picture class=\"skip-lazy\" data-skip-lazy=\"1\"><img decoding=\"async\" alt=\"20230822181255B43DE03F429D2D69_b\" src=\"\/\/lvtongmexico.com.mx\/wp-content\/uploads\/slider4\/20230822181255B43DE03F429D2D69_b.jpeg\" width=\"1000\" height=\"1000\" loading=\"lazy\" class=\"skip-lazy\" data-skip-lazy=\"1\" \/><\/picture><\/div><div class=\"n2-thumbnail-dot n2-style-8ad5048b81c3c254e5a4ea951ba18f46-dot \" data-slide-public-id=\"4\" role=\"button\" aria-label=\"202308221812541F35592310DA75B0_b\" tabindex=\"0\"><picture class=\"skip-lazy\" data-skip-lazy=\"1\"><img decoding=\"async\" alt=\"202308221812541F35592310DA75B0_b\" src=\"\/\/lvtongmexico.com.mx\/wp-content\/uploads\/slider4\/202308221812541F35592310DA75B0_b.jpeg\" width=\"1000\" height=\"1000\" loading=\"lazy\" class=\"skip-lazy\" data-skip-lazy=\"1\" \/><\/picture><\/div><div class=\"n2-thumbnail-dot n2-style-8ad5048b81c3c254e5a4ea951ba18f46-dot \" data-slide-public-id=\"5\" role=\"button\" aria-label=\"20230822181254E6AAFE9EAB339B14_b\" tabindex=\"0\"><picture class=\"skip-lazy\" data-skip-lazy=\"1\"><img decoding=\"async\" alt=\"20230822181254E6AAFE9EAB339B14_b\" src=\"\/\/lvtongmexico.com.mx\/wp-content\/uploads\/slider4\/20230822181254E6AAFE9EAB339B14_b.jpeg\" width=\"1000\" height=\"1000\" loading=\"lazy\" class=\"skip-lazy\" data-skip-lazy=\"1\" \/><\/picture><\/div><\/div><\/div><div class=\"nextend-thumbnail-button nextend-thumbnail-previous\"><img decoding=\"async\" width=\"26\" height=\"26\" style=\"width:26px;transform:rotateZ(-90deg);\" loading=\"lazy\" class=\"skip-lazy\" data-skip-lazy=\"1\" src=\"data:image\/svg+xml;base64,PHN2ZyB3aWR0aD0iMjYiIGhlaWdodD0iMjYiIHhtbG5zPSJodHRwOi8vd3d3LnczLm9yZy8yMDAwL3N2ZyI+CiAgICA8ZyBmaWxsPSJub25lIiBmaWxsLXJ1bGU9ImV2ZW5vZGQiPgogICAgICAgIDxjaXJjbGUgc3Ryb2tlPSIjZmZmIiBzdHJva2Utd2lkdGg9IjIiIG9wYWNpdHk9Ii41IiBmaWxsPSIjMDAwIiBjeD0iMTMiIGN5PSIxMyIgcj0iMTIiLz4KICAgICAgICA8cGF0aCBkPSJNMTMuNDM1IDkuMTc4Yy0uMTI2LS4xMjEtLjI3LS4xODItLjQzNi0uMTgyLS4xNjQgMC0uMzA2LjA2MS0uNDI4LjE4MmwtNC4zOCA0LjE3NWMtLjEyNi4xMjEtLjE4OC4yNjItLjE4OC40MjQgMCAuMTYxLjA2Mi4zMDIuMTg4LjQyM2wuNjUuNjIyYy4xMjYuMTIxLjI3My4xODIuNDQxLjE4Mi4xNyAwIC4zMTQtLjA2MS40MzYtLjE4MmwzLjMxNC0zLjE2MSAzLjI0OSAzLjE2MWMuMTI2LjEyMS4yNjkuMTgyLjQzMi4xODIuMTY0IDAgLjMwNy0uMDYxLjQzMy0uMTgybC42NjItLjYyMmMuMTI2LS4xMjEuMTg5LS4yNjIuMTg5LS40MjMgMC0uMTYyLS4wNjMtLjMwMy0uMTg5LS40MjRsLTQuMzczLTQuMTc1eiIKICAgICAgICAgICAgICBmaWxsPSIjZmZmIi8+CiAgICA8L2c+Cjwvc3ZnPg==\" alt=\"previous arrow\"><\/div><div class=\"nextend-thumbnail-button nextend-thumbnail-next\"><img decoding=\"async\" width=\"26\" height=\"26\" style=\"width:26px;transform:rotateZ(-90deg);\" loading=\"lazy\" class=\"skip-lazy\" data-skip-lazy=\"1\" src=\"data:image\/svg+xml;base64,PHN2ZyB4bWxucz0iaHR0cDovL3d3dy53My5vcmcvMjAwMC9zdmciIHdpZHRoPSIyNiIgaGVpZ2h0PSIyNiI+CiAgICA8ZyBmaWxsPSJub25lIj4KICAgICAgICA8Y2lyY2xlIGN4PSIxMyIgY3k9IjEzIiByPSIxMiIgZmlsbD0iIzAwMCIgc3Ryb2tlPSIjZmZmIiBzdHJva2Utd2lkdGg9IjIiIG9wYWNpdHk9Ii41Ii8+CiAgICAgICAgPHBhdGggZmlsbD0iI2ZmZiIKICAgICAgICAgICAgICBkPSJNMTIuNTY1IDE2LjgyMmMuMTI2LjEyLjI3LjE4Mi40MzYuMTgyLjE2OCAwIC4zMS0uMDYuNDMtLjE4Mmw0LjM4LTQuMTc1Yy4xMjgtLjEyLjE5LS4yNjIuMTktLjQyNCAwLS4xNi0uMDYyLS4zMDItLjE5LS40MjNsLS42NS0uNjIyYy0uMTI1LS4xMi0uMjcyLS4xODItLjQ0LS4xODItLjE3IDAtLjMxNC4wNi0uNDM2LjE4MmwtMy4zMTQgMy4xNi0zLjI1LTMuMTZjLS4xMjYtLjEyLS4yNy0uMTgyLS40My0uMTgyLS4xNjYgMC0uMzEuMDYtLjQzNS4xODJsLS42NjIuNjIyYy0uMTI2LjEyLS4xOS4yNjItLjE5LjQyMyAwIC4xNjIuMDY0LjMwMy4xOS40MjRsNC4zNzMgNC4xNzV6Ii8+CiAgICA8L2c+Cjwvc3ZnPg==\" alt=\"next arrow\"><\/div><\/div><\/div><\/div><\/div><ss3-loader><\/ss3-loader><\/div><\/div><div class=\"n2_clear\"><\/div><\/div><\/div>\n\n\n\n<div class=\"wp-block-column is-layout-flow wp-block-column-is-layout-flow\">\n<p class=\"has-text-align-center has-text-color has-link-color has-woostify-heading-4-font-size wp-elements-44c52f85a8bf58f0dfb9a320a529cfda\" style=\"color:#00662e\"><strong>Autob\u00fas Tur\u00edstico 11 plazas<\/strong><\/p>\n\n\n\n<p class=\"has-text-align-left has-text-color has-link-color wp-elements-c8f05498d0219b1e5a2dc4eb8e5c7a83\" style=\"color:#000000\">El autom\u00f3vil tur\u00edstico est\u00e1 construido utilizando tecnolog\u00eda de moldeo por inyecci\u00f3n de veh\u00edculos y conceptos de dise\u00f1o modular. Est\u00e1 hecho con artesan\u00eda y alta calidad para garantizar que el producto sea hermoso, pr\u00e1ctico, estable y seguro. Est\u00e1 dominado por el dise\u00f1o conceptual italiano para crear un modelo suave y garantizar un viaje c\u00f3modo y de buen gusto.<\/p>\n\n\n\n<hr class=\"wp-block-separator has-alpha-channel-opacity is-style-wide\"\/>\n\n\n\n<div class=\"wp-block-group is-vertical is-layout-flex wp-container-core-group-is-layout-8cf370e7 wp-block-group-is-layout-flex\">\n<p class=\"has-text-color has-link-color wp-elements-1900952ef53f66e87c1eec4a714e565f\" style=\"color:#000000\">Modelo: LT-DGS11.C<\/p>\n\n\n\n<p class=\"has-text-color has-link-color wp-elements-05652883198308a3fde3c2e2ff338cfd\" style=\"color:#000000\">Motor CA 72 V, 7,5 KW.&nbsp;<\/p>\n\n\n\n<p class=\"has-text-color has-link-color wp-elements-f4e2a18db4641ab1cd88bdf31af24dc3\" style=\"color:#000000\">Bater\u00eda 12 6V<\/p>\n\n\n\n<p class=\"has-text-color has-link-color wp-elements-6c33b5eeb1d225caa02ae6ff52107af8\" style=\"color:#000000\">Cargador Cargador inteligente para ordenador<\/p>\n\n\n\n<p class=\"has-text-color has-link-color wp-elements-e509eb3118dbf8c96f6f83eb0a0332ea\" style=\"color:#000000\">Control el\u00e9ctrico Controlador de CA Lvtong<\/p>\n\n\n\n<p class=\"has-text-color has-link-color wp-elements-edbfabc92b40883d3e99afe91af4da75\" style=\"color:#000000\">Eje trasero Eje trasero integrado<\/p>\n\n\n\n<p class=\"has-text-color has-link-color wp-elements-7652c412341c41c0b832cb264a90cc63\" style=\"color:#000000\">Tama\u00f1o del cuerpo: 4185 (largo)*1510 (ancho)*2040 (alto) mm<\/p>\n\n\n\n<p class=\"has-text-color has-link-color wp-elements-f7de4a75cda6688da18c79f4dd4384cb\" style=\"color:#000000\">Capacidad nominal de pasajeros: 11 personas<\/p>\n\n\n\n<p class=\"has-text-color has-link-color wp-elements-f6d47da232deee927a2591decd177f3a\" style=\"color:#000000\">Velocidad de avance 25-30 km\/h<\/p>\n\n\n\n<p class=\"has-text-color has-link-color wp-elements-bd83164c9848c67879eb0b38e29a6fc5\" style=\"color:#000000\">Grado nominal 15%<\/p>\n\n\n\n<p class=\"has-text-color has-link-color wp-elements-6c8a3a30e48002ec7dffae251bbce546\" style=\"color:#000000\">Autonom\u00eda m\u00e1xima 90-110 km (carretera plana)<\/p>\n<\/div>\n<\/div>\n<\/div>\n\n\n\n<div id=\"whats5\" class=\"whats5\" style=\"color:#FFFFFF;\">\n<link rel=\"stylesheet\" href=\"https:\/\/maxcdn.bootstrapcdn.com\/font-awesome\/4.5.0\/css\/font-awesome.min.css\">\n<a href=\"https:\/\/api.whatsapp.com\/send?phone=+525544436016&#038;text=Hola%21%20Karla quisiera%20m%C3%A1s%20informaci%C3%B3n%20sobre%20LVTONG M\u00e9xico%20.\" class=\"float\" target=\"_blank\" rel=\"noopener\">\n<i class=\"fa fa-whatsapp my-float\"><\/i> <div id=\"letra\" class=\"letra\" > CDMX <\/div>\n<\/a>\n<style>\n.letra{\n      color: red;\n      font-size: 14px;\nfont-weight: bold;  \n}\n.whats5{\n.float{\n\tposition:fixed;\n\twidth:60px;\n\theight:60px;\n\tbottom:70px; \n\tright:5px;\n\tbackground-color:#25d366;\n\tcolor:#FFFFFF;\n\tborder-radius:50px;\n\ttext-align:center;\n  font-size:30px;\n\tbox-shadow: 2px 2px 3px #999;\n  z-index:100;\n}\n.float:hover {\n\ttext-decoration: none;\n\tcolor: #25d366;\n  background-color:#FFFFFF;\n}\n\n.my-float{\n\tmargin-top:16px;\n}\n}\n<\/style>\n<\/div>\n\n<div id=\"whats6\" class=\"whats6\" style=\"color:#FFFFFF;\">\n<link rel=\"stylesheet\" href=\"https:\/\/maxcdn.bootstrapcdn.com\/font-awesome\/4.5.0\/css\/font-awesome.min.css\">\n<a href=\"https:\/\/api.whatsapp.com\/send?phone=+525540310527&#038;text=Hola%21%20Santiago quisiera%20m%C3%A1s%20informaci%C3%B3n%20sobre%20LVTONG M\u00e9xico%20.\" class=\"float\" target=\"_blank\" rel=\"noopener\">\n<i class=\"fa fa-whatsapp my-float\"><\/i> <div id=\"letra\" class=\"letra\" > CDMX <\/div>\n<\/a>\n<style>\n.letra{\n      color: red;\n      font-size: 14px;\nfont-weight: bold;  \n}\n.whats6{\n.float{\n\tposition:fixed;\n\twidth:60px;\n\theight:60px;\n\tbottom:150px; \n\tright:5px;\n\tbackground-color:#25d366;\n\tcolor:#FFFFFF;\n\tborder-radius:50px;\n\ttext-align:center;\n  font-size:30px;\n\tbox-shadow: 2px 2px 3px #999;\n  z-index:100;\n}\n.float:hover {\n\ttext-decoration: none;\n\tcolor: #25d366;\n  background-color:#FFFFFF;\n}\n\n.my-float{\n\tmargin-top:16px;\n}\n}\n<\/style>\n<\/div>\n","protected":false},"excerpt":{"rendered":"<p>Autob\u00fas Tur\u00edstico 11 plazas El autom\u00f3vil tur\u00edstico est\u00e1 construido utilizando tecnolog\u00eda de moldeo por inyecci\u00f3n de veh\u00edculos y conceptos de&#8230;<\/p>\n","protected":false},"author":1,"featured_media":0,"parent":0,"menu_order":0,"comment_status":"closed","ping_status":"closed","template":"","meta":{"ngg_post_thumbnail":0,"footnotes":""},"class_list":["post-230","page","type-page","status-publish","hentry"],"_links":{"self":[{"href":"https:\/\/lvtongmexico.com.mx\/index.php\/wp-json\/wp\/v2\/pages\/230","targetHints":{"allow":["GET"]}}],"collection":[{"href":"https:\/\/lvtongmexico.com.mx\/index.php\/wp-json\/wp\/v2\/pages"}],"about":[{"href":"https:\/\/lvtongmexico.com.mx\/index.php\/wp-json\/wp\/v2\/types\/page"}],"author":[{"embeddable":true,"href":"https:\/\/lvtongmexico.com.mx\/index.php\/wp-json\/wp\/v2\/users\/1"}],"replies":[{"embeddable":true,"href":"https:\/\/lvtongmexico.com.mx\/index.php\/wp-json\/wp\/v2\/comments?post=230"}],"version-history":[{"count":5,"href":"https:\/\/lvtongmexico.com.mx\/index.php\/wp-json\/wp\/v2\/pages\/230\/revisions"}],"predecessor-version":[{"id":792,"href":"https:\/\/lvtongmexico.com.mx\/index.php\/wp-json\/wp\/v2\/pages\/230\/revisions\/792"}],"wp:attachment":[{"href":"https:\/\/lvtongmexico.com.mx\/index.php\/wp-json\/wp\/v2\/media?parent=230"}],"curies":[{"name":"wp","href":"https:\/\/api.w.org\/{rel}","templated":true}]}}