{"id":209,"date":"2024-03-05T16:14:21","date_gmt":"2024-03-05T16:14:21","guid":{"rendered":"https:\/\/lvtongmexico.com.mx\/?page_id=209"},"modified":"2024-03-23T05:23:01","modified_gmt":"2024-03-23T05:23:01","slug":"turistico-23-plazas","status":"publish","type":"page","link":"https:\/\/lvtongmexico.com.mx\/index.php\/turistico-23-plazas\/","title":{"rendered":"Turistico 23 Plazas"},"content":{"rendered":"\n<div style=\"height:119px\" aria-hidden=\"true\" class=\"wp-block-spacer\"><\/div>\n\n\n\n<figure class=\"wp-block-image alignfull size-full\"><img loading=\"lazy\" decoding=\"async\" width=\"1920\" height=\"150\" src=\"https:\/\/lvtongmexico.com.mx\/wp-content\/uploads\/2024\/03\/Mesa-de-trabajo-1.png\" alt=\"\" class=\"wp-image-681\" srcset=\"https:\/\/lvtongmexico.com.mx\/wp-content\/uploads\/2024\/03\/Mesa-de-trabajo-1.png 1920w, https:\/\/lvtongmexico.com.mx\/wp-content\/uploads\/2024\/03\/Mesa-de-trabajo-1-300x23.png 300w, https:\/\/lvtongmexico.com.mx\/wp-content\/uploads\/2024\/03\/Mesa-de-trabajo-1-1024x80.png 1024w, https:\/\/lvtongmexico.com.mx\/wp-content\/uploads\/2024\/03\/Mesa-de-trabajo-1-768x60.png 768w, https:\/\/lvtongmexico.com.mx\/wp-content\/uploads\/2024\/03\/Mesa-de-trabajo-1-1536x120.png 1536w\" sizes=\"auto, (max-width: 1920px) 100vw, 1920px\" \/><\/figure>\n\n\n\n<div class=\"wp-block-columns is-layout-flex wp-container-core-columns-is-layout-9d6595d7 wp-block-columns-is-layout-flex\">\n<div class=\"wp-block-column is-vertically-aligned-center is-layout-flow wp-block-column-is-layout-flow\"><div class=\"n2-section-smartslider fitvidsignore  n2_clear\" data-ssid=\"2\"><div id=\"n2-ss-2-align\" class=\"n2-ss-align\"><div class=\"n2-padding\"><div id=\"n2-ss-2\" data-creator=\"Smart Slider 3\" data-responsive=\"auto\" class=\"n2-ss-slider n2-ow n2-has-hover n2notransition  \">\n\n\n\n\n\n<div class=\"n2-ss-slider-wrapper-outside\" style=\"grid-template-rows:1fr auto\">\n        <div class=\"n2-ss-slider-1 n2_ss__touch_element n2-ow\">\n            <div class=\"n2-ss-slider-2 n2-ow\">\n                                                <div class=\"n2-ss-slider-3 n2-ow\">\n\n                    <div class=\"n2-ss-slide-backgrounds n2-ow-all\"><div class=\"n2-ss-slide-background\" data-public-id=\"1\" data-mode=\"fill\"><div class=\"n2-ss-slide-background-image\" data-blur=\"0\" data-opacity=\"100\" data-x=\"50\" data-y=\"50\" data-alt=\"\" data-title=\"\"><picture class=\"skip-lazy\" data-skip-lazy=\"1\"><img decoding=\"async\" src=\"\/\/lvtongmexico.com.mx\/wp-content\/uploads\/slider2\/202311031015597D144716851E5A3F_b.jpeg\" alt=\"\" title=\"\" loading=\"lazy\" class=\"skip-lazy\" data-skip-lazy=\"1\"><\/picture><\/div><div data-color=\"RGBA(255,255,255,0)\" style=\"background-color: RGBA(255,255,255,0);\" class=\"n2-ss-slide-background-color\"><\/div><\/div><div class=\"n2-ss-slide-background\" data-public-id=\"2\" data-mode=\"fill\"><div class=\"n2-ss-slide-background-image\" data-blur=\"0\" data-opacity=\"100\" data-x=\"50\" data-y=\"50\" data-alt=\"\" data-title=\"\"><picture class=\"skip-lazy\" data-skip-lazy=\"1\"><img decoding=\"async\" src=\"\/\/lvtongmexico.com.mx\/wp-content\/uploads\/slider2\/2023110310155857839FF4AEC6228F_b.jpeg\" alt=\"\" title=\"\" loading=\"lazy\" class=\"skip-lazy\" data-skip-lazy=\"1\"><\/picture><\/div><div data-color=\"RGBA(255,255,255,0)\" style=\"background-color: RGBA(255,255,255,0);\" class=\"n2-ss-slide-background-color\"><\/div><\/div><div class=\"n2-ss-slide-background\" data-public-id=\"3\" data-mode=\"fill\"><div class=\"n2-ss-slide-background-image\" data-blur=\"0\" data-opacity=\"100\" data-x=\"50\" data-y=\"50\" data-alt=\"\" data-title=\"\"><picture class=\"skip-lazy\" data-skip-lazy=\"1\"><img decoding=\"async\" src=\"\/\/lvtongmexico.com.mx\/wp-content\/uploads\/slider2\/202311031016001911563D864D4C5D_b.jpeg\" alt=\"\" title=\"\" loading=\"lazy\" class=\"skip-lazy\" data-skip-lazy=\"1\"><\/picture><\/div><div data-color=\"RGBA(255,255,255,0)\" style=\"background-color: RGBA(255,255,255,0);\" class=\"n2-ss-slide-background-color\"><\/div><\/div><div class=\"n2-ss-slide-background\" data-public-id=\"4\" data-mode=\"fill\"><div class=\"n2-ss-slide-background-image\" data-blur=\"0\" data-opacity=\"100\" data-x=\"50\" data-y=\"50\" data-alt=\"\" data-title=\"\"><picture class=\"skip-lazy\" data-skip-lazy=\"1\"><img decoding=\"async\" src=\"\/\/lvtongmexico.com.mx\/wp-content\/uploads\/slider2\/202311031015592B55BF74D7A7DB57_b.jpeg\" alt=\"\" title=\"\" loading=\"lazy\" class=\"skip-lazy\" data-skip-lazy=\"1\"><\/picture><\/div><div data-color=\"RGBA(255,255,255,0)\" style=\"background-color: RGBA(255,255,255,0);\" class=\"n2-ss-slide-background-color\"><\/div><\/div><div class=\"n2-ss-slide-background\" data-public-id=\"5\" data-mode=\"fill\"><div class=\"n2-ss-slide-background-image\" data-blur=\"0\" data-opacity=\"100\" data-x=\"50\" data-y=\"50\" data-alt=\"\" data-title=\"\"><picture class=\"skip-lazy\" data-skip-lazy=\"1\"><img decoding=\"async\" src=\"\/\/lvtongmexico.com.mx\/wp-content\/uploads\/slider2\/20231103101559A2943D75FE9CBA36_b.jpeg\" alt=\"\" title=\"\" loading=\"lazy\" class=\"skip-lazy\" data-skip-lazy=\"1\"><\/picture><\/div><div data-color=\"RGBA(255,255,255,0)\" style=\"background-color: RGBA(255,255,255,0);\" class=\"n2-ss-slide-background-color\"><\/div><\/div><\/div>                    <div class=\"n2-ss-slider-4 n2-ow\">\n                        <svg xmlns=\"http:\/\/www.w3.org\/2000\/svg\" viewBox=\"0 0 1200 1000\" data-related-device=\"desktopPortrait\" class=\"n2-ow n2-ss-preserve-size n2-ss-preserve-size--slider n2-ss-slide-limiter\"><\/svg><div data-first=\"1\" data-slide-duration=\"0\" data-id=\"4\" data-slide-public-id=\"1\" data-title=\"202311031015597D144716851E5A3F_b\" class=\"n2-ss-slide n2-ow  n2-ss-slide-4\"><div role=\"note\" class=\"n2-ss-slide--focus\" tabindex=\"-1\">202311031015597D144716851E5A3F_b<\/div><div class=\"n2-ss-layers-container n2-ss-slide-limiter n2-ow\"><div class=\"n2-ss-layer n2-ow n-uc-fa7sew4uyaoB\" data-sstype=\"slide\" data-pm=\"default\"><\/div><\/div><\/div><div data-slide-duration=\"0\" data-id=\"5\" data-slide-public-id=\"2\" data-title=\"2023110310155857839FF4AEC6228F_b\" class=\"n2-ss-slide n2-ow  n2-ss-slide-5\"><div role=\"note\" class=\"n2-ss-slide--focus\" tabindex=\"-1\">2023110310155857839FF4AEC6228F_b<\/div><div class=\"n2-ss-layers-container n2-ss-slide-limiter n2-ow\"><div class=\"n2-ss-layer n2-ow n-uc-phVLPscaZWSR\" data-sstype=\"slide\" data-pm=\"default\"><\/div><\/div><\/div><div data-slide-duration=\"0\" data-id=\"6\" data-slide-public-id=\"3\" data-title=\"202311031016001911563D864D4C5D_b\" class=\"n2-ss-slide n2-ow  n2-ss-slide-6\"><div role=\"note\" class=\"n2-ss-slide--focus\" tabindex=\"-1\">202311031016001911563D864D4C5D_b<\/div><div class=\"n2-ss-layers-container n2-ss-slide-limiter n2-ow\"><div class=\"n2-ss-layer n2-ow n-uc-cbTZG2PwGSgF\" data-sstype=\"slide\" data-pm=\"default\"><\/div><\/div><\/div><div data-slide-duration=\"0\" data-id=\"7\" data-slide-public-id=\"4\" data-title=\"202311031015592B55BF74D7A7DB57_b\" class=\"n2-ss-slide n2-ow  n2-ss-slide-7\"><div role=\"note\" class=\"n2-ss-slide--focus\" tabindex=\"-1\">202311031015592B55BF74D7A7DB57_b<\/div><div class=\"n2-ss-layers-container n2-ss-slide-limiter n2-ow\"><div class=\"n2-ss-layer n2-ow n-uc-79MgYUKKpa2n\" data-sstype=\"slide\" data-pm=\"default\"><\/div><\/div><\/div><div data-slide-duration=\"0\" data-id=\"8\" data-slide-public-id=\"5\" data-title=\"20231103101559A2943D75FE9CBA36_b\" class=\"n2-ss-slide n2-ow  n2-ss-slide-8\"><div role=\"note\" class=\"n2-ss-slide--focus\" tabindex=\"-1\">20231103101559A2943D75FE9CBA36_b<\/div><div class=\"n2-ss-layers-container n2-ss-slide-limiter n2-ow\"><div class=\"n2-ss-layer n2-ow n-uc-K67YxE05gtgz\" data-sstype=\"slide\" data-pm=\"default\"><\/div><\/div><\/div>                    <\/div>\n\n                                    <\/div>\n            <\/div>\n        <\/div>\n        <div class=\"n2-ss-slider-controls n2-ss-slider-controls-below\"><div data-width-percent=\"100\" class=\"n2-ss-widget nextend-thumbnail nextend-thumbnail-default nextend-thumbnail-horizontal n2-ow-all\" data-hide-mobileportrait=\"1\" style=\"width:100%;\" data-has-next=\"0\" data-has-previous=\"0\"><div class=\"nextend-thumbnail-inner n2-style-f58d52632d016e4532dc73de3ceef8d2-simple \"><div class=\"nextend-thumbnail-scroller n2-align-content-start\" style=\"grid-template-rows:repeat(1, 1fr)\"><div class=\"n2-thumbnail-dot n2-style-8ad5048b81c3c254e5a4ea951ba18f46-dot \" data-slide-public-id=\"1\" role=\"button\" aria-label=\"202311031015597D144716851E5A3F_b\" tabindex=\"0\"><picture class=\"skip-lazy\" data-skip-lazy=\"1\"><img decoding=\"async\" alt=\"202311031015597D144716851E5A3F_b\" src=\"\/\/lvtongmexico.com.mx\/wp-content\/uploads\/slider2\/202311031015597D144716851E5A3F_b.jpeg\" width=\"1000\" height=\"1000\" loading=\"lazy\" class=\"skip-lazy\" data-skip-lazy=\"1\" \/><\/picture><\/div><div class=\"n2-thumbnail-dot n2-style-8ad5048b81c3c254e5a4ea951ba18f46-dot \" data-slide-public-id=\"2\" role=\"button\" aria-label=\"2023110310155857839FF4AEC6228F_b\" tabindex=\"0\"><picture class=\"skip-lazy\" data-skip-lazy=\"1\"><img decoding=\"async\" alt=\"2023110310155857839FF4AEC6228F_b\" src=\"\/\/lvtongmexico.com.mx\/wp-content\/uploads\/slider2\/2023110310155857839FF4AEC6228F_b.jpeg\" width=\"1000\" height=\"1000\" loading=\"lazy\" class=\"skip-lazy\" data-skip-lazy=\"1\" \/><\/picture><\/div><div class=\"n2-thumbnail-dot n2-style-8ad5048b81c3c254e5a4ea951ba18f46-dot \" data-slide-public-id=\"3\" role=\"button\" aria-label=\"202311031016001911563D864D4C5D_b\" tabindex=\"0\"><picture class=\"skip-lazy\" data-skip-lazy=\"1\"><img decoding=\"async\" alt=\"202311031016001911563D864D4C5D_b\" src=\"\/\/lvtongmexico.com.mx\/wp-content\/uploads\/slider2\/202311031016001911563D864D4C5D_b.jpeg\" width=\"1000\" height=\"1000\" loading=\"lazy\" class=\"skip-lazy\" data-skip-lazy=\"1\" \/><\/picture><\/div><div class=\"n2-thumbnail-dot n2-style-8ad5048b81c3c254e5a4ea951ba18f46-dot \" data-slide-public-id=\"4\" role=\"button\" aria-label=\"202311031015592B55BF74D7A7DB57_b\" tabindex=\"0\"><picture class=\"skip-lazy\" data-skip-lazy=\"1\"><img decoding=\"async\" alt=\"202311031015592B55BF74D7A7DB57_b\" src=\"\/\/lvtongmexico.com.mx\/wp-content\/uploads\/slider2\/202311031015592B55BF74D7A7DB57_b.jpeg\" width=\"1000\" height=\"1000\" loading=\"lazy\" class=\"skip-lazy\" data-skip-lazy=\"1\" \/><\/picture><\/div><div class=\"n2-thumbnail-dot n2-style-8ad5048b81c3c254e5a4ea951ba18f46-dot \" data-slide-public-id=\"5\" role=\"button\" aria-label=\"20231103101559A2943D75FE9CBA36_b\" tabindex=\"0\"><picture class=\"skip-lazy\" data-skip-lazy=\"1\"><img decoding=\"async\" alt=\"20231103101559A2943D75FE9CBA36_b\" src=\"\/\/lvtongmexico.com.mx\/wp-content\/uploads\/slider2\/20231103101559A2943D75FE9CBA36_b.jpeg\" width=\"1000\" height=\"1000\" loading=\"lazy\" class=\"skip-lazy\" data-skip-lazy=\"1\" \/><\/picture><\/div><\/div><\/div><div class=\"nextend-thumbnail-button nextend-thumbnail-previous\"><img decoding=\"async\" width=\"26\" height=\"26\" style=\"width:26px;transform:rotateZ(-90deg);\" loading=\"lazy\" class=\"skip-lazy\" data-skip-lazy=\"1\" src=\"data:image\/svg+xml;base64,PHN2ZyB3aWR0aD0iMjYiIGhlaWdodD0iMjYiIHhtbG5zPSJodHRwOi8vd3d3LnczLm9yZy8yMDAwL3N2ZyI+CiAgICA8ZyBmaWxsPSJub25lIiBmaWxsLXJ1bGU9ImV2ZW5vZGQiPgogICAgICAgIDxjaXJjbGUgc3Ryb2tlPSIjZmZmIiBzdHJva2Utd2lkdGg9IjIiIG9wYWNpdHk9Ii41IiBmaWxsPSIjMDAwIiBjeD0iMTMiIGN5PSIxMyIgcj0iMTIiLz4KICAgICAgICA8cGF0aCBkPSJNMTMuNDM1IDkuMTc4Yy0uMTI2LS4xMjEtLjI3LS4xODItLjQzNi0uMTgyLS4xNjQgMC0uMzA2LjA2MS0uNDI4LjE4MmwtNC4zOCA0LjE3NWMtLjEyNi4xMjEtLjE4OC4yNjItLjE4OC40MjQgMCAuMTYxLjA2Mi4zMDIuMTg4LjQyM2wuNjUuNjIyYy4xMjYuMTIxLjI3My4xODIuNDQxLjE4Mi4xNyAwIC4zMTQtLjA2MS40MzYtLjE4MmwzLjMxNC0zLjE2MSAzLjI0OSAzLjE2MWMuMTI2LjEyMS4yNjkuMTgyLjQzMi4xODIuMTY0IDAgLjMwNy0uMDYxLjQzMy0uMTgybC42NjItLjYyMmMuMTI2LS4xMjEuMTg5LS4yNjIuMTg5LS40MjMgMC0uMTYyLS4wNjMtLjMwMy0uMTg5LS40MjRsLTQuMzczLTQuMTc1eiIKICAgICAgICAgICAgICBmaWxsPSIjZmZmIi8+CiAgICA8L2c+Cjwvc3ZnPg==\" alt=\"previous arrow\"><\/div><div class=\"nextend-thumbnail-button nextend-thumbnail-next\"><img decoding=\"async\" width=\"26\" height=\"26\" style=\"width:26px;transform:rotateZ(-90deg);\" loading=\"lazy\" class=\"skip-lazy\" data-skip-lazy=\"1\" src=\"data:image\/svg+xml;base64,PHN2ZyB4bWxucz0iaHR0cDovL3d3dy53My5vcmcvMjAwMC9zdmciIHdpZHRoPSIyNiIgaGVpZ2h0PSIyNiI+CiAgICA8ZyBmaWxsPSJub25lIj4KICAgICAgICA8Y2lyY2xlIGN4PSIxMyIgY3k9IjEzIiByPSIxMiIgZmlsbD0iIzAwMCIgc3Ryb2tlPSIjZmZmIiBzdHJva2Utd2lkdGg9IjIiIG9wYWNpdHk9Ii41Ii8+CiAgICAgICAgPHBhdGggZmlsbD0iI2ZmZiIKICAgICAgICAgICAgICBkPSJNMTIuNTY1IDE2LjgyMmMuMTI2LjEyLjI3LjE4Mi40MzYuMTgyLjE2OCAwIC4zMS0uMDYuNDMtLjE4Mmw0LjM4LTQuMTc1Yy4xMjgtLjEyLjE5LS4yNjIuMTktLjQyNCAwLS4xNi0uMDYyLS4zMDItLjE5LS40MjNsLS42NS0uNjIyYy0uMTI1LS4xMi0uMjcyLS4xODItLjQ0LS4xODItLjE3IDAtLjMxNC4wNi0uNDM2LjE4MmwtMy4zMTQgMy4xNi0zLjI1LTMuMTZjLS4xMjYtLjEyLS4yNy0uMTgyLS40My0uMTgyLS4xNjYgMC0uMzEuMDYtLjQzNS4xODJsLS42NjIuNjIyYy0uMTI2LjEyLS4xOS4yNjItLjE5LjQyMyAwIC4xNjIuMDY0LjMwMy4xOS40MjRsNC4zNzMgNC4xNzV6Ii8+CiAgICA8L2c+Cjwvc3ZnPg==\" alt=\"next arrow\"><\/div><\/div><\/div><\/div><\/div><ss3-loader><\/ss3-loader><\/div><\/div><div class=\"n2_clear\"><\/div><\/div><\/div>\n\n\n\n<div class=\"wp-block-column is-layout-flow wp-block-column-is-layout-flow\">\n<p class=\"has-text-align-center has-text-color has-link-color has-woostify-heading-4-font-size wp-elements-0ba04ec3612c2e5bb610a1a4e8f764c4\" style=\"color:#00662e\"><strong>Autob\u00fas Tur\u00edstico 23 plazas<\/strong><\/p>\n\n\n\n<p class=\"has-text-align-left has-text-color has-link-color wp-elements-c8f05498d0219b1e5a2dc4eb8e5c7a83\" style=\"color:#000000\">El autom\u00f3vil tur\u00edstico est\u00e1 construido utilizando tecnolog\u00eda de moldeo por inyecci\u00f3n de veh\u00edculos y conceptos de dise\u00f1o modular. Est\u00e1 hecho con artesan\u00eda y alta calidad para garantizar que el producto sea hermoso, pr\u00e1ctico, estable y seguro. Est\u00e1 dominado por el dise\u00f1o conceptual italiano para crear un modelo suave y garantizar un viaje c\u00f3modo y de buen gusto.<\/p>\n\n\n\n<hr class=\"wp-block-separator has-alpha-channel-opacity is-style-wide\"\/>\n\n\n\n<p class=\"has-text-color has-link-color wp-elements-e7e54f6d26ca05492d80dbaf5deb46dd\" style=\"color:#000000\">Modelo: LT-GDS23<\/p>\n\n\n\n<p class=\"has-text-color has-link-color wp-elements-091d7e16efdaed0aad4e7c023899c6e7\" style=\"color:#000000\">Motor: CA 72 V, 15 KW\/CA 96 V, 20 KW<\/p>\n\n\n\n<p class=\"has-text-color has-link-color wp-elements-d5776291b5f6695e4634d755027f3663\" style=\"color:#000000\">Bater\u00eda 12 piezas 6V\/16 piezas 6V<\/p>\n\n\n\n<p class=\"has-text-color has-link-color wp-elements-22077985c9084296f3417c9fc7e0eede\" style=\"color:#000000\">Cargador inteligente<\/p>\n\n\n\n<p class=\"has-text-color has-link-color wp-elements-d3c92d86ad189d32bbe10cab34963299\" style=\"color:#000000\">Controlador de CA de im\u00e1n permanente de control el\u00e9ctrico<\/p>\n\n\n\n<p class=\"has-text-color has-link-color wp-elements-e23b68c380f1a018188c3fba1f120586\" style=\"color:#000000\">Eje trasero integral<\/p>\n\n\n\n<p class=\"has-text-color has-link-color wp-elements-6b93f120c1abd434080bf8792a0dc964\" style=\"color:#000000\">Tama\u00f1o del cuerpo: 5884 (largo)*1830 (ancho)*2240 (alto) mm<\/p>\n\n\n\n<p class=\"has-text-color has-link-color wp-elements-97e7d35bab2b0b06192c94dfec85bdf3\" style=\"color:#000000\">Capacidad nominal de pasajeros: 23 personas<\/p>\n\n\n\n<p class=\"has-text-color has-link-color wp-elements-f6d47da232deee927a2591decd177f3a\" style=\"color:#000000\">Velocidad de avance 25-30 km\/h<\/p>\n\n\n\n<p class=\"has-text-color has-link-color wp-elements-0c817c7b523af274bd02be8af8587479\" style=\"color:#000000\">Subida de pendiente nominal 10% \/ 15%<\/p>\n\n\n\n<p class=\"has-text-color has-link-color wp-elements-dc3519f4e81192bbd7d6341ab2f3d4d0\" style=\"color:#000000\">Autonom\u00eda m\u00e1xima 85-105 km \/ 120-135 km (carretera plana)<\/p>\n<\/div>\n<\/div>\n","protected":false},"excerpt":{"rendered":"<p>Autob\u00fas Tur\u00edstico 23 plazas El autom\u00f3vil tur\u00edstico est\u00e1 construido utilizando tecnolog\u00eda de moldeo por inyecci\u00f3n de veh\u00edculos y conceptos de&#8230;<\/p>\n","protected":false},"author":1,"featured_media":0,"parent":0,"menu_order":0,"comment_status":"closed","ping_status":"closed","template":"","meta":{"ngg_post_thumbnail":0,"footnotes":""},"class_list":["post-209","page","type-page","status-publish","hentry"],"_links":{"self":[{"href":"https:\/\/lvtongmexico.com.mx\/index.php\/wp-json\/wp\/v2\/pages\/209","targetHints":{"allow":["GET"]}}],"collection":[{"href":"https:\/\/lvtongmexico.com.mx\/index.php\/wp-json\/wp\/v2\/pages"}],"about":[{"href":"https:\/\/lvtongmexico.com.mx\/index.php\/wp-json\/wp\/v2\/types\/page"}],"author":[{"embeddable":true,"href":"https:\/\/lvtongmexico.com.mx\/index.php\/wp-json\/wp\/v2\/users\/1"}],"replies":[{"embeddable":true,"href":"https:\/\/lvtongmexico.com.mx\/index.php\/wp-json\/wp\/v2\/comments?post=209"}],"version-history":[{"count":8,"href":"https:\/\/lvtongmexico.com.mx\/index.php\/wp-json\/wp\/v2\/pages\/209\/revisions"}],"predecessor-version":[{"id":717,"href":"https:\/\/lvtongmexico.com.mx\/index.php\/wp-json\/wp\/v2\/pages\/209\/revisions\/717"}],"wp:attachment":[{"href":"https:\/\/lvtongmexico.com.mx\/index.php\/wp-json\/wp\/v2\/media?parent=209"}],"curies":[{"name":"wp","href":"https:\/\/api.w.org\/{rel}","templated":true}]}}